{"id":58336,"date":"2024-09-29T10:56:06","date_gmt":"2024-09-29T07:56:06","guid":{"rendered":"https:\/\/books.kab.co.il\/?post_type=product&#038;p=58336"},"modified":"2026-01-14T14:38:14","modified_gmt":"2026-01-14T12:38:14","slug":"el-israel-secreto","status":"publish","type":"product","link":"https:\/\/books.kab.co.il\/ru\/\u043c\u0430\u0433\u0430\u0437\u0438\u043d\/other-languages\/spanish\/el-israel-secreto\/","title":{"rendered":"EL ISRAEL SECRETO &#8212; Un viaje espiritual en el tiempo"},"content":{"rendered":"<p>\u00cdNDICE<br \/>\n1. La desconocida geograf\u00eda de Israel&#8230;&#8230;&#8230;..5<br \/>\n2. E l camino de Abraham&#8230;&#8230;&#8230;&#8230;&#8230;&#8230;&#8230;&#8230;&#8230;..15<br \/>\n3. Los pecados de Sodoma&#8230;&#8230;&#8230;&#8230;&#8230;&#8230;&#8230;&#8230;..25<br \/>\n4. E l cruce del Mar Rojo&#8230;&#8230;&#8230;&#8230;&#8230;&#8230;&#8230;&#8230;&#8230;&#8230;33<br \/>\n5. E l secreto del libro eterno&#8230;&#8230;&#8230;&#8230;&#8230;&#8230;&#8230;&#8230;41<br \/>\n6. J erusal\u00e9n: el coraz\u00f3n del mundo&#8230;&#8230;&#8230;&#8230;.51<br \/>\n7. A rmaged\u00f3n: la guerra de Gog y Magog&#8230;59<br \/>\n8. J anuc\u00e1: el milagro de la victoria&#8230;&#8230;&#8230;&#8230;&#8230;67<br \/>\n9. E l Libro del Z\u00f3har&#8230;&#8230;&#8230;&#8230;&#8230;&#8230;&#8230;&#8230;&#8230;&#8230;&#8230;&#8230;.75<br \/>\n10. E l Creador y yo&#8230;&#8230;&#8230;&#8230;&#8230;&#8230;&#8230;&#8230;&#8230;&#8230;&#8230;&#8230;..83<br \/>\nR e f e r enc ias &#8230;&#8230;&#8230;&#8230;&#8230;&#8230;&#8230;&#8230;&#8230;&#8230;&#8230;&#8230;&#8230;&#8230;..91<\/p>\n","protected":false},"excerpt":{"rendered":"<p>\u00bfQu\u00e9 es lo m\u00e1gico de la Tierra de Israel? \u00bfQu\u00e9 hace que esta tierra semi\u00e1rida sea un punto de atracci\u00f3n para millones de turistas de todos los rincones del mundo? \u00bfQu\u00e9 ha hecho de<br \/>\nIsrael un punto de discordia durante miles de a\u00f1os?<br \/>\nLa Tierra de Israel contiene en su interior fuerzas espirituales, las fuerzas que crean toda la vida. La geograf\u00eda \u00fanica de Israel refleja estas fuerzas, haciendo que el paisaje de este peque\u00f1o pa\u00eds cambie cada cierto n\u00famero de kil\u00f3metros.<br \/>\nEl Israel secreto: Un viaje espiritual en el tiempo nos lleva a trav\u00e9s de estos lugares y revela las fuerzas ocultas detr\u00e1s de ellos. El libro es un viaje fascinante a trav\u00e9s de paisajes, as\u00ed como un viaje a trav\u00e9s del alma. Ning\u00fan otro libro revela de manera tan v\u00edvida los secretos de esta antigua tierra. El libro est\u00e1 basado en una serie de documentales de Michael Sanilevich, dirigidos por Semi\u00f3n Vinokur.<\/p>\n","protected":false},"featured_media":59385,"comment_status":"open","ping_status":"closed","template":"","meta":{"_et_pb_use_builder":"","_et_pb_old_content":"","_et_gb_content_width":""},"product_brand":[],"product_cat":[145],"product_tag":[],"class_list":{"0":"post-58336","1":"product","2":"type-product","3":"status-publish","4":"has-post-thumbnail","6":"product_cat-spanish","8":"first","9":"instock","10":"shipping-taxable","11":"purchasable","12":"product-type-simple"},"aioseo_notices":[],"_links":{"self":[{"href":"https:\/\/books.kab.co.il\/ru\/wp-json\/wp\/v2\/product\/58336","targetHints":{"allow":["GET"]}}],"collection":[{"href":"https:\/\/books.kab.co.il\/ru\/wp-json\/wp\/v2\/product"}],"about":[{"href":"https:\/\/books.kab.co.il\/ru\/wp-json\/wp\/v2\/types\/product"}],"replies":[{"embeddable":true,"href":"https:\/\/books.kab.co.il\/ru\/wp-json\/wp\/v2\/comments?post=58336"}],"wp:featuredmedia":[{"embeddable":true,"href":"https:\/\/books.kab.co.il\/ru\/wp-json\/wp\/v2\/media\/59385"}],"wp:attachment":[{"href":"https:\/\/books.kab.co.il\/ru\/wp-json\/wp\/v2\/media?parent=58336"}],"wp:term":[{"taxonomy":"product_brand","embeddable":true,"href":"https:\/\/books.kab.co.il\/ru\/wp-json\/wp\/v2\/product_brand?post=58336"},{"taxonomy":"product_cat","embeddable":true,"href":"https:\/\/books.kab.co.il\/ru\/wp-json\/wp\/v2\/product_cat?post=58336"},{"taxonomy":"product_tag","embeddable":true,"href":"https:\/\/books.kab.co.il\/ru\/wp-json\/wp\/v2\/product_tag?post=58336"}],"curies":[{"name":"wp","href":"https:\/\/api.w.org\/{rel}","templated":true}]}}