{"id":5117,"date":"2015-11-28T19:09:09","date_gmt":"2015-11-28T17:09:09","guid":{"rendered":"http:\/\/66books.co.il\/?post_type=product&#038;p=5117"},"modified":"2026-04-21T17:12:02","modified_gmt":"2026-04-21T14:12:02","slug":"la-historia-universal-de-la-humanidad","status":"publish","type":"product","link":"https:\/\/books.kab.co.il\/ru\/\u043c\u0430\u0433\u0430\u0437\u0438\u043d\/other-languages\/spanish\/la-historia-universal-de-la-humanidad\/","title":{"rendered":"LA HISTORIA UNIVERSAL DE LA HUMANIDAD"},"content":{"rendered":"","protected":false},"excerpt":{"rendered":"<p><span style=\"font-family: Arial;\" data-sheets-value=\"[null,2,&quot;Este libro ofrece una nueva perspectiva sobre las leyes del desarrollo hist\\u00f3rico y abre una serie de interrogantes, dedicadas a los problemas m\\u00e1s palpables de nuestro tiempo y a las posibilidades de resolverlos sobre la base de la s\\u00edntesis de la ense\\u00f1anza cabalista y los logros de la ciencia moderna. Se supone que los siguientes cap\\u00edtulos proporcionar\\u00e1n un an\\u00e1lisis detallado de la crisis global de la civilizaci\\u00f3n, enfrentada por la humanidad al principio del tercer milenio y de sus causas. Y lo m\\u00e1s importante es que pretende determinar el camino hacia la formaci\\u00f3n de la nueva conciencia integral y de una sociedad integral, relevante para el mundo global, interconectado e interdependiente. &quot;]\" data-sheets-userformat=\"[null,null,829,[null,0],null,[null,[[null,2,0,null,null,[null,2,0]],[null,0,0,3],[null,1,0,null,1]]],[null,[[null,2,0,null,null,[null,2,0]],[null,0,0,3],[null,1,0,null,1]]],[null,[[null,2,0,null,null,[null,2,0]],[null,0,0,3],[null,1,0,null,1]]],[null,[[null,2,0,null,null,[null,2,0]],[null,0,0,3],[null,1,0,null,1]]],null,null,4,0]\">Este libro ofrece una nueva perspectiva sobre las leyes del desarrollo hist\u00f3rico y abre una serie de interrogantes, dedicadas a los problemas m\u00e1s palpables de nuestro tiempo y a las posibilidades de resolverlos sobre la base de la s\u00edntesis de la ense\u00f1anza cabalista y los logros de la ciencia moderna. Se supone que los siguientes cap\u00edtulos proporcionar\u00e1n un an\u00e1lisis detallado de la crisis global de la civilizaci\u00f3n, enfrentada por la humanidad al principio del tercer milenio y de sus causas. Y lo m\u00e1s importante es que pretende determinar el camino hacia la formaci\u00f3n de la nueva conciencia integral y de una sociedad integral, relevante para el mundo global, interconectado e interdependiente.\u00a0<\/span><\/p>\n","protected":false},"featured_media":5118,"comment_status":"open","ping_status":"closed","template":"","meta":{"_et_pb_use_builder":"","_et_pb_old_content":"","_et_gb_content_width":""},"product_brand":[],"product_cat":[145],"product_tag":[],"class_list":{"0":"post-5117","1":"product","2":"type-product","3":"status-publish","4":"has-post-thumbnail","6":"product_cat-spanish","8":"first","9":"outofstock","10":"shipping-taxable","11":"purchasable","12":"product-type-simple"},"aioseo_notices":[],"_links":{"self":[{"href":"https:\/\/books.kab.co.il\/ru\/wp-json\/wp\/v2\/product\/5117","targetHints":{"allow":["GET"]}}],"collection":[{"href":"https:\/\/books.kab.co.il\/ru\/wp-json\/wp\/v2\/product"}],"about":[{"href":"https:\/\/books.kab.co.il\/ru\/wp-json\/wp\/v2\/types\/product"}],"replies":[{"embeddable":true,"href":"https:\/\/books.kab.co.il\/ru\/wp-json\/wp\/v2\/comments?post=5117"}],"wp:featuredmedia":[{"embeddable":true,"href":"https:\/\/books.kab.co.il\/ru\/wp-json\/wp\/v2\/media\/5118"}],"wp:attachment":[{"href":"https:\/\/books.kab.co.il\/ru\/wp-json\/wp\/v2\/media?parent=5117"}],"wp:term":[{"taxonomy":"product_brand","embeddable":true,"href":"https:\/\/books.kab.co.il\/ru\/wp-json\/wp\/v2\/product_brand?post=5117"},{"taxonomy":"product_cat","embeddable":true,"href":"https:\/\/books.kab.co.il\/ru\/wp-json\/wp\/v2\/product_cat?post=5117"},{"taxonomy":"product_tag","embeddable":true,"href":"https:\/\/books.kab.co.il\/ru\/wp-json\/wp\/v2\/product_tag?post=5117"}],"curies":[{"name":"wp","href":"https:\/\/api.w.org\/{rel}","templated":true}]}}