{"id":5112,"date":"2015-11-28T18:58:05","date_gmt":"2015-11-28T16:58:05","guid":{"rendered":"http:\/\/66books.co.il\/?post_type=product&#038;p=5112"},"modified":"2025-01-09T15:57:17","modified_gmt":"2025-01-09T13:57:17","slug":"mica-y-su-fabuloso-viaje-tras-el-chocolate","status":"publish","type":"product","link":"https:\/\/books.kab.co.il\/ru\/\u043c\u0430\u0433\u0430\u0437\u0438\u043d\/other-languages\/spanish\/mica-y-su-fabuloso-viaje-tras-el-chocolate\/","title":{"rendered":"Mica y su fabuloso viaje tras el chocolate"},"content":{"rendered":"","protected":false},"excerpt":{"rendered":"<p><span style=\"font-family: Arial;\" data-sheets-value=\"[null,2,&quot;Un d\\u00eda con su mam\\u00e1, en la tienda vecina, observaba Mica el colorido escaparate, donde se encuentra su preferida golosina - el chocolate! El vendedor le ofreci\\u00f3 un chocolat\\u00edn cuadrado, y ella sabore\\u00f3 contenta el chocolat\\u00edn preciado.&quot;]\" data-sheets-userformat=\"[null,null,829,[null,0],null,[null,[[null,2,0,null,null,[null,2,0]],[null,0,0,3],[null,1,0,null,1]]],[null,[[null,2,0,null,null,[null,2,0]],[null,0,0,3],[null,1,0,null,1]]],[null,[[null,2,0,null,null,[null,2,0]],[null,0,0,3],[null,1,0,null,1]]],[null,[[null,2,0,null,null,[null,2,0]],[null,0,0,3],[null,1,0,null,1]]],null,null,4,0]\">Un d\u00eda con su mam\u00e1, en la tienda vecina, observaba Mica el colorido escaparate, donde se encuentra su preferida golosina &#8212; el chocolate! El vendedor le ofreci\u00f3 un chocolat\u00edn cuadrado, y ella sabore\u00f3 contenta el chocolat\u00edn preciado.<\/span><\/p>\n","protected":false},"featured_media":5113,"comment_status":"open","ping_status":"closed","template":"","meta":{"_et_pb_use_builder":"","_et_pb_old_content":"","_et_gb_content_width":""},"product_brand":[],"product_cat":[145],"product_tag":[],"class_list":{"0":"post-5112","1":"product","2":"type-product","3":"status-publish","4":"has-post-thumbnail","6":"product_cat-spanish","8":"first","9":"outofstock","10":"shipping-taxable","11":"purchasable","12":"product-type-simple"},"aioseo_notices":[],"_links":{"self":[{"href":"https:\/\/books.kab.co.il\/ru\/wp-json\/wp\/v2\/product\/5112","targetHints":{"allow":["GET"]}}],"collection":[{"href":"https:\/\/books.kab.co.il\/ru\/wp-json\/wp\/v2\/product"}],"about":[{"href":"https:\/\/books.kab.co.il\/ru\/wp-json\/wp\/v2\/types\/product"}],"replies":[{"embeddable":true,"href":"https:\/\/books.kab.co.il\/ru\/wp-json\/wp\/v2\/comments?post=5112"}],"wp:featuredmedia":[{"embeddable":true,"href":"https:\/\/books.kab.co.il\/ru\/wp-json\/wp\/v2\/media\/5113"}],"wp:attachment":[{"href":"https:\/\/books.kab.co.il\/ru\/wp-json\/wp\/v2\/media?parent=5112"}],"wp:term":[{"taxonomy":"product_brand","embeddable":true,"href":"https:\/\/books.kab.co.il\/ru\/wp-json\/wp\/v2\/product_brand?post=5112"},{"taxonomy":"product_cat","embeddable":true,"href":"https:\/\/books.kab.co.il\/ru\/wp-json\/wp\/v2\/product_cat?post=5112"},{"taxonomy":"product_tag","embeddable":true,"href":"https:\/\/books.kab.co.il\/ru\/wp-json\/wp\/v2\/product_tag?post=5112"}],"curies":[{"name":"wp","href":"https:\/\/api.w.org\/{rel}","templated":true}]}}