{"id":4964,"date":"2015-08-10T21:00:34","date_gmt":"2015-08-10T18:00:34","guid":{"rendered":"http:\/\/66books.co.il\/?post_type=product&#038;p=4964"},"modified":"2025-01-09T15:57:17","modified_gmt":"2025-01-09T13:57:17","slug":"cabala-lamatjil-p-principiantes","status":"publish","type":"product","link":"https:\/\/books.kab.co.il\/ru\/\u043c\u0430\u0433\u0430\u0437\u0438\u043d\/other-languages\/spanish\/cabala-lamatjil-p-principiantes\/","title":{"rendered":"Cabala &#8212; Para el Principiantes"},"content":{"rendered":"","protected":false},"excerpt":{"rendered":"<p><span style=\"font-family: arial, sans, sans-serif;\">\u00bfDe d\u00f3nde llegu\u00e9 a este mundo, y hacia d\u00f3nde voy? \u00bfPara qu\u00e9? \u00bfEstoy capacitado para<br \/>\nentender la realidad? \u00bfPuedo evitar el sufrimiento? <\/span><\/p>\n<p>Podemos<br \/>\nrecibir respuestas a estas y a m\u00e1s preguntas a trav\u00e9s de las palabras escritas<br \/>\ndel cabalista m\u00e1s notable de nuestra generaci\u00f3n \u2013 Rab\u00ed Yehud\u00e1 Leiv Ashlag,<br \/>\nint\u00e9rprete de la interpretaci\u00f3n \u201cHaSulam\u201d (la escalera) del libro del Z\u00f3har, y<br \/>\ntambi\u00e9n del excelente cabalista, su hijo y seguidor, Rab\u00ed Baruj Shalom HaLev\u00ed<br \/>\nAshlag (Rabash).<\/p>\n<p>El libro comprende interpretaciones, diagramas, y fases que describen el camino<br \/>\nque el hombre puede alcanzar, el cual lo dirige hacia el alcance espiritual en<br \/>\nesta vida.<\/p>\n<p>Es una<br \/>\nrecopilaci\u00f3n de los art\u00edculos m\u00e1s importantes, preparada por el disc\u00edpulo y<br \/>\nasistente personal de Rabash, Rav Dr. Michael Laitman.<\/p>\n<p>&nbsp;<\/p>\n","protected":false},"featured_media":4968,"comment_status":"open","ping_status":"closed","template":"","meta":{"_et_pb_use_builder":"","_et_pb_old_content":"","_et_gb_content_width":""},"product_brand":[],"product_cat":[145],"product_tag":[],"class_list":{"0":"post-4964","1":"product","2":"type-product","3":"status-publish","4":"has-post-thumbnail","6":"product_cat-spanish","8":"first","9":"instock","10":"shipping-taxable","11":"purchasable","12":"product-type-simple"},"aioseo_notices":[],"_links":{"self":[{"href":"https:\/\/books.kab.co.il\/ru\/wp-json\/wp\/v2\/product\/4964","targetHints":{"allow":["GET"]}}],"collection":[{"href":"https:\/\/books.kab.co.il\/ru\/wp-json\/wp\/v2\/product"}],"about":[{"href":"https:\/\/books.kab.co.il\/ru\/wp-json\/wp\/v2\/types\/product"}],"replies":[{"embeddable":true,"href":"https:\/\/books.kab.co.il\/ru\/wp-json\/wp\/v2\/comments?post=4964"}],"wp:featuredmedia":[{"embeddable":true,"href":"https:\/\/books.kab.co.il\/ru\/wp-json\/wp\/v2\/media\/4968"}],"wp:attachment":[{"href":"https:\/\/books.kab.co.il\/ru\/wp-json\/wp\/v2\/media?parent=4964"}],"wp:term":[{"taxonomy":"product_brand","embeddable":true,"href":"https:\/\/books.kab.co.il\/ru\/wp-json\/wp\/v2\/product_brand?post=4964"},{"taxonomy":"product_cat","embeddable":true,"href":"https:\/\/books.kab.co.il\/ru\/wp-json\/wp\/v2\/product_cat?post=4964"},{"taxonomy":"product_tag","embeddable":true,"href":"https:\/\/books.kab.co.il\/ru\/wp-json\/wp\/v2\/product_tag?post=4964"}],"curies":[{"name":"wp","href":"https:\/\/api.w.org\/{rel}","templated":true}]}}