{"id":4946,"date":"2015-08-12T14:47:03","date_gmt":"2015-08-12T11:47:03","guid":{"rendered":"http:\/\/66books.co.il\/?post_type=product&#038;p=4946"},"modified":"2025-01-09T15:57:17","modified_gmt":"2025-01-09T13:57:17","slug":"zohar-libro-negro","status":"publish","type":"product","link":"https:\/\/books.kab.co.il\/ru\/\u043c\u0430\u0433\u0430\u0437\u0438\u043d\/other-languages\/spanish\/zohar-libro-negro\/","title":{"rendered":"El Z\u00f3har"},"content":{"rendered":"","protected":false},"excerpt":{"rendered":"<p>Anotaciones al Comentario de Rab\u00ed Yehuda Ashlag. Escrito<br \/> con un lenguaje metaf\u00f3rico, \u00fanico, El Z\u00f3har enriquece nuestra<br \/> comprensi\u00f3n y expande nuestra visi\u00f3n del mundo. No obstante, este texto<br \/> no debe leerse de manera ordinaria, sino de manera paciente y en<br \/> repetidas ocasiones, intentando adentrarnos en las sensaciones del<br \/> autor. Su lectura debe ser pausada, tratando de extraer todos los<br \/> matices del texto. Aunque el texto versa sobre un \u00fanico tema \u2013c\u00f3mo relacionarnos con el Creador\u2013<br \/> son m\u00faltiples los enfoques desde los cuales se trata. Y esto propicia<br \/> que cada uno de nosotros pueda encontrar la frase, la palabra<br \/> espec\u00edfica, que nos permita adentrarnos en la profundidad de esta<br \/> sabidur\u00eda intemporal.<\/p>\n","protected":false},"featured_media":4947,"comment_status":"open","ping_status":"closed","template":"","meta":{"_et_pb_use_builder":"","_et_pb_old_content":"","_et_gb_content_width":""},"product_brand":[],"product_cat":[145],"product_tag":[],"class_list":{"0":"post-4946","1":"product","2":"type-product","3":"status-publish","4":"has-post-thumbnail","6":"product_cat-spanish","8":"first","9":"instock","10":"shipping-taxable","11":"purchasable","12":"product-type-simple"},"aioseo_notices":[],"_links":{"self":[{"href":"https:\/\/books.kab.co.il\/ru\/wp-json\/wp\/v2\/product\/4946","targetHints":{"allow":["GET"]}}],"collection":[{"href":"https:\/\/books.kab.co.il\/ru\/wp-json\/wp\/v2\/product"}],"about":[{"href":"https:\/\/books.kab.co.il\/ru\/wp-json\/wp\/v2\/types\/product"}],"replies":[{"embeddable":true,"href":"https:\/\/books.kab.co.il\/ru\/wp-json\/wp\/v2\/comments?post=4946"}],"wp:featuredmedia":[{"embeddable":true,"href":"https:\/\/books.kab.co.il\/ru\/wp-json\/wp\/v2\/media\/4947"}],"wp:attachment":[{"href":"https:\/\/books.kab.co.il\/ru\/wp-json\/wp\/v2\/media?parent=4946"}],"wp:term":[{"taxonomy":"product_brand","embeddable":true,"href":"https:\/\/books.kab.co.il\/ru\/wp-json\/wp\/v2\/product_brand?post=4946"},{"taxonomy":"product_cat","embeddable":true,"href":"https:\/\/books.kab.co.il\/ru\/wp-json\/wp\/v2\/product_cat?post=4946"},{"taxonomy":"product_tag","embeddable":true,"href":"https:\/\/books.kab.co.il\/ru\/wp-json\/wp\/v2\/product_tag?post=4946"}],"curies":[{"name":"wp","href":"https:\/\/api.w.org\/{rel}","templated":true}]}}