{"id":4944,"date":"2015-08-09T17:31:52","date_gmt":"2015-08-09T14:31:52","guid":{"rendered":"http:\/\/66books.co.il\/?post_type=product&#038;p=4944"},"modified":"2025-01-13T15:56:24","modified_gmt":"2025-01-13T13:56:24","slug":"rabash-escritos-sociales","status":"publish","type":"product","link":"https:\/\/books.kab.co.il\/ru\/\u043c\u0430\u0433\u0430\u0437\u0438\u043d\/other-languages\/spanish\/rabash-escritos-sociales\/","title":{"rendered":"Rabash escritos sociales"},"content":{"rendered":"<p><span data-sheets-value=\"[null,2,&quot;Una recopilaci\\u00f3n de los art\\u00edculos sociales del gran cabalista de la \\u00faltima generaci\\u00f3n, Rabash - Rab\\u00ed Baruj Shalom HaLev\\u00ed Ashlag, en los que nos dirige, mediante un lenguaje contemporaneo claro, hacia el conocimiento de un m\\u00e9todo pr\\u00e1ctico que nos ense\\u00f1a a construir una sociedad espiritual. \\n&quot;]\" data-sheets-userformat=\"[null,null,829,[null,0],null,[null,[[null,2,0,null,null,[null,2,0]],[null,0,0,3],[null,1,0,null,1]]],[null,[[null,2,0,null,null,[null,2,0]],[null,0,0,3],[null,1,0,null,1]]],[null,[[null,2,0,null,null,[null,2,0]],[null,0,0,3],[null,1,0,null,1]]],[null,[[null,2,0,null,null,[null,2,0]],[null,0,0,3],[null,1,0,null,1]]],null,null,4,0]\">\u00a0<\/span><\/p>\n","protected":false},"excerpt":{"rendered":"<p>Una recopilaci\u00f3n de los art\u00edculos sociales del gran cabalista de la \u00faltima generaci\u00f3n, Rabash &#8212; Rab\u00ed Baruj Shalom HaLev\u00ed Ashlag, en los que nos dirige, mediante un lenguaje contemporaneo claro, hacia el conocimiento de un m\u00e9todo pr\u00e1ctico que nos ense\u00f1a a construir una sociedad espiritual.<\/p>\n","protected":false},"featured_media":59402,"comment_status":"open","ping_status":"closed","template":"","meta":{"_et_pb_use_builder":"","_et_pb_old_content":"","_et_gb_content_width":""},"product_brand":[],"product_cat":[145],"product_tag":[],"class_list":{"0":"post-4944","1":"product","2":"type-product","3":"status-publish","4":"has-post-thumbnail","6":"product_cat-spanish","8":"first","9":"instock","10":"shipping-taxable","11":"purchasable","12":"product-type-simple"},"aioseo_notices":[],"_links":{"self":[{"href":"https:\/\/books.kab.co.il\/ru\/wp-json\/wp\/v2\/product\/4944","targetHints":{"allow":["GET"]}}],"collection":[{"href":"https:\/\/books.kab.co.il\/ru\/wp-json\/wp\/v2\/product"}],"about":[{"href":"https:\/\/books.kab.co.il\/ru\/wp-json\/wp\/v2\/types\/product"}],"replies":[{"embeddable":true,"href":"https:\/\/books.kab.co.il\/ru\/wp-json\/wp\/v2\/comments?post=4944"}],"wp:featuredmedia":[{"embeddable":true,"href":"https:\/\/books.kab.co.il\/ru\/wp-json\/wp\/v2\/media\/59402"}],"wp:attachment":[{"href":"https:\/\/books.kab.co.il\/ru\/wp-json\/wp\/v2\/media?parent=4944"}],"wp:term":[{"taxonomy":"product_brand","embeddable":true,"href":"https:\/\/books.kab.co.il\/ru\/wp-json\/wp\/v2\/product_brand?post=4944"},{"taxonomy":"product_cat","embeddable":true,"href":"https:\/\/books.kab.co.il\/ru\/wp-json\/wp\/v2\/product_cat?post=4944"},{"taxonomy":"product_tag","embeddable":true,"href":"https:\/\/books.kab.co.il\/ru\/wp-json\/wp\/v2\/product_tag?post=4944"}],"curies":[{"name":"wp","href":"https:\/\/api.w.org\/{rel}","templated":true}]}}