{"id":4942,"date":"2015-08-09T17:30:07","date_gmt":"2015-08-09T14:30:07","guid":{"rendered":"http:\/\/66books.co.il\/?post_type=product&#038;p=4942"},"modified":"2025-01-09T15:57:18","modified_gmt":"2025-01-09T13:57:18","slug":"juntos-por-siempre-2","status":"publish","type":"product","link":"https:\/\/books.kab.co.il\/ru\/\u043c\u0430\u0433\u0430\u0437\u0438\u043d\/other-languages\/spanish\/juntos-por-siempre-2\/","title":{"rendered":"Juntos por siempre"},"content":{"rendered":"","protected":false},"excerpt":{"rendered":"<p>En Juntos por siempre, el autor nos dice que si somos pacientes y superamos las pruebas que se nos presentan a lo largo de nuestra vida, nos convertiremos en personas m\u00e1s fuertes, m\u00e1s valientes y m\u00e1s sabias. En vez de debilitarnos, aprenderemos a crear nuestra propia magia y nuestras propias maravillas, en la manera que s\u00f3lo un mago puede hacerlo. En este tierno y c\u00e1lido relato, el Dr. Michael Laitman comparte con los ni\u00f1os y padres de familia algunos de los tesoros y encantos del mundo espiritual. La sabidur\u00eda de la Cabal\u00e1 est\u00e1 colmada de fascinantes historias. Juntos por siempre es otro regalo m\u00e1s de esta sabidur\u00eda eterna, cuyas lecciones hacen que nuestras vidas sean m\u00e1s ricas, m\u00e1s sencillas y mucho m\u00e1s plenas.<\/p>\n","protected":false},"featured_media":4943,"comment_status":"open","ping_status":"closed","template":"","meta":{"_et_pb_use_builder":"","_et_pb_old_content":"","_et_gb_content_width":""},"product_brand":[],"product_cat":[145],"product_tag":[],"class_list":{"0":"post-4942","1":"product","2":"type-product","3":"status-publish","4":"has-post-thumbnail","6":"product_cat-spanish","8":"first","9":"outofstock","10":"shipping-taxable","11":"purchasable","12":"product-type-simple"},"aioseo_notices":[],"_links":{"self":[{"href":"https:\/\/books.kab.co.il\/ru\/wp-json\/wp\/v2\/product\/4942","targetHints":{"allow":["GET"]}}],"collection":[{"href":"https:\/\/books.kab.co.il\/ru\/wp-json\/wp\/v2\/product"}],"about":[{"href":"https:\/\/books.kab.co.il\/ru\/wp-json\/wp\/v2\/types\/product"}],"replies":[{"embeddable":true,"href":"https:\/\/books.kab.co.il\/ru\/wp-json\/wp\/v2\/comments?post=4942"}],"wp:featuredmedia":[{"embeddable":true,"href":"https:\/\/books.kab.co.il\/ru\/wp-json\/wp\/v2\/media\/4943"}],"wp:attachment":[{"href":"https:\/\/books.kab.co.il\/ru\/wp-json\/wp\/v2\/media?parent=4942"}],"wp:term":[{"taxonomy":"product_brand","embeddable":true,"href":"https:\/\/books.kab.co.il\/ru\/wp-json\/wp\/v2\/product_brand?post=4942"},{"taxonomy":"product_cat","embeddable":true,"href":"https:\/\/books.kab.co.il\/ru\/wp-json\/wp\/v2\/product_cat?post=4942"},{"taxonomy":"product_tag","embeddable":true,"href":"https:\/\/books.kab.co.il\/ru\/wp-json\/wp\/v2\/product_tag?post=4942"}],"curies":[{"name":"wp","href":"https:\/\/api.w.org\/{rel}","templated":true}]}}