{"id":4940,"date":"2015-08-09T17:27:20","date_gmt":"2015-08-09T14:27:20","guid":{"rendered":"http:\/\/66books.co.il\/?post_type=product&#038;p=4940"},"modified":"2025-01-09T15:57:18","modified_gmt":"2025-01-09T13:57:18","slug":"mundos-superiores","status":"publish","type":"product","link":"https:\/\/books.kab.co.il\/ru\/\u043c\u0430\u0433\u0430\u0437\u0438\u043d\/other-languages\/spanish\/mundos-superiores\/","title":{"rendered":"Mundos Superiores"},"content":{"rendered":"","protected":false},"excerpt":{"rendered":"<p>Este libro nos describe la estructura de los mundos espirituales y el proceso de su formaci\u00f3n, desde el plan de la creaci\u00f3n del alma del primer hombre hasta su rompimiento, y hasta la evoluci\u00f3n del mundo en nuestro mundo y el despertar del deseo por la espiritualidad hoy en d\u00eda. El libro est\u00e1 basado en el art\u00edculo &#171;Prefacio de la sabiduria de la Cabal\u00e1&#187;, escrito por el gran cabalista Rab\u00ed Yehud\u00e1 Ashlag, conocido como &#171;Baal HaSulam&#187;.<\/p>\n","protected":false},"featured_media":4941,"comment_status":"open","ping_status":"closed","template":"","meta":{"_et_pb_use_builder":"","_et_pb_old_content":"","_et_gb_content_width":""},"product_brand":[],"product_cat":[145],"product_tag":[],"class_list":{"0":"post-4940","1":"product","2":"type-product","3":"status-publish","4":"has-post-thumbnail","6":"product_cat-spanish","8":"first","9":"instock","10":"shipping-taxable","11":"purchasable","12":"product-type-simple"},"aioseo_notices":[],"_links":{"self":[{"href":"https:\/\/books.kab.co.il\/ru\/wp-json\/wp\/v2\/product\/4940","targetHints":{"allow":["GET"]}}],"collection":[{"href":"https:\/\/books.kab.co.il\/ru\/wp-json\/wp\/v2\/product"}],"about":[{"href":"https:\/\/books.kab.co.il\/ru\/wp-json\/wp\/v2\/types\/product"}],"replies":[{"embeddable":true,"href":"https:\/\/books.kab.co.il\/ru\/wp-json\/wp\/v2\/comments?post=4940"}],"wp:featuredmedia":[{"embeddable":true,"href":"https:\/\/books.kab.co.il\/ru\/wp-json\/wp\/v2\/media\/4941"}],"wp:attachment":[{"href":"https:\/\/books.kab.co.il\/ru\/wp-json\/wp\/v2\/media?parent=4940"}],"wp:term":[{"taxonomy":"product_brand","embeddable":true,"href":"https:\/\/books.kab.co.il\/ru\/wp-json\/wp\/v2\/product_brand?post=4940"},{"taxonomy":"product_cat","embeddable":true,"href":"https:\/\/books.kab.co.il\/ru\/wp-json\/wp\/v2\/product_cat?post=4940"},{"taxonomy":"product_tag","embeddable":true,"href":"https:\/\/books.kab.co.il\/ru\/wp-json\/wp\/v2\/product_tag?post=4940"}],"curies":[{"name":"wp","href":"https:\/\/api.w.org\/{rel}","templated":true}]}}