{"id":2749,"date":"2014-07-29T22:20:56","date_gmt":"2014-07-29T19:20:56","guid":{"rendered":"http:\/\/66books.co.il\/product\/la-psicologia-de-la-sociedad-integral\/"},"modified":"2025-01-13T15:38:01","modified_gmt":"2025-01-13T13:38:01","slug":"la-psicologia-de-la-sociedad-integral","status":"publish","type":"product","link":"https:\/\/books.kab.co.il\/ru\/\u043c\u0430\u0433\u0430\u0437\u0438\u043d\/other-languages\/spanish\/la-psicologia-de-la-sociedad-integral\/","title":{"rendered":"La Psicolog\u00eda de la Sociedad Integral"},"content":{"rendered":"","protected":false},"excerpt":{"rendered":"<p>La Psicolog\u00eda de la Sociedad Integral presenta un enfoque educativo revolucionario. En un mundo interconectado e interdependiente, ense\u00f1ar a los ni\u00f1os a competir con sus compa\u00f1eros es tan \u201csabio\u201d como ense\u00f1ar a la mano izquierda a ser m\u00e1s astuta que su compa\u00f1era, la mano derecha. Una sociedad integral es aquella en que todas las partes contribuyen al bienestar y \u00e9xito de la sociedad. La sociedad, a su vez, es responsable y se preocupa por el bienestar y \u00e9xito de sus elementos, creando as\u00ed una co-dependencia. En un mundo globalizado e integrado, esta es la \u00fanica forma sensible y sustentable de vivir.<\/p>\n<p>En este libro, por medio de una serie de di\u00e1logos entre los expertos Michael Laitman y Anatoly Ulianov se esclarecen los principios de un revelador enfoque educativo. La ausencia de competici\u00f3n, un valor fomentado a trav\u00e9s del ambiente social, la igualdad entre los<br \/>\ncompa\u00f1eros, el reconocimiento a los que otorgan, aunado a una din\u00e1mica interacci\u00f3n del grupo y de los instructores, son s\u00f3lo algunos de los nuevos conceptos presentados en este libro. Los criterios planteados son imperativos para todos los que desean convertirse en mejores padres, mejores maestros, y mejores personas en la sociedad integrada del siglo XXI.<\/p>\n","protected":false},"featured_media":59374,"comment_status":"open","ping_status":"closed","template":"","meta":{"_et_pb_use_builder":"","_et_pb_old_content":"","_et_gb_content_width":""},"product_brand":[],"product_cat":[145],"product_tag":[],"class_list":{"0":"post-2749","1":"product","2":"type-product","3":"status-publish","4":"has-post-thumbnail","6":"product_cat-spanish","8":"first","9":"instock","10":"shipping-taxable","11":"purchasable","12":"product-type-simple"},"aioseo_notices":[],"_links":{"self":[{"href":"https:\/\/books.kab.co.il\/ru\/wp-json\/wp\/v2\/product\/2749","targetHints":{"allow":["GET"]}}],"collection":[{"href":"https:\/\/books.kab.co.il\/ru\/wp-json\/wp\/v2\/product"}],"about":[{"href":"https:\/\/books.kab.co.il\/ru\/wp-json\/wp\/v2\/types\/product"}],"replies":[{"embeddable":true,"href":"https:\/\/books.kab.co.il\/ru\/wp-json\/wp\/v2\/comments?post=2749"}],"wp:featuredmedia":[{"embeddable":true,"href":"https:\/\/books.kab.co.il\/ru\/wp-json\/wp\/v2\/media\/59374"}],"wp:attachment":[{"href":"https:\/\/books.kab.co.il\/ru\/wp-json\/wp\/v2\/media?parent=2749"}],"wp:term":[{"taxonomy":"product_brand","embeddable":true,"href":"https:\/\/books.kab.co.il\/ru\/wp-json\/wp\/v2\/product_brand?post=2749"},{"taxonomy":"product_cat","embeddable":true,"href":"https:\/\/books.kab.co.il\/ru\/wp-json\/wp\/v2\/product_cat?post=2749"},{"taxonomy":"product_tag","embeddable":true,"href":"https:\/\/books.kab.co.il\/ru\/wp-json\/wp\/v2\/product_tag?post=2749"}],"curies":[{"name":"wp","href":"https:\/\/api.w.org\/{rel}","templated":true}]}}