{"id":2743,"date":"2014-07-29T22:11:00","date_gmt":"2014-07-29T19:11:00","guid":{"rendered":"http:\/\/66books.co.il\/product\/juntos-por-siempre-la-historia-acerca-del-mago-que-queria-estar-solo\/"},"modified":"2025-01-13T15:51:53","modified_gmt":"2025-01-13T13:51:53","slug":"juntos-por-siempre-la-historia-acerca-del-mago-que-queria-estar-solo","status":"publish","type":"product","link":"https:\/\/books.kab.co.il\/ru\/\u043c\u0430\u0433\u0430\u0437\u0438\u043d\/other-languages\/spanish\/juntos-por-siempre-la-historia-acerca-del-mago-que-queria-estar-solo\/","title":{"rendered":"JUNTOS POR SIEMPRE; La historia acerca del mago que no quer\u00eda estar solo"},"content":{"rendered":"<p>Product Details:<\/p>\n<p>Edition: soft cover<br \/>\nNumber of Pages: 36<\/p>\n","protected":false},"excerpt":{"rendered":"<p>Language: Spanish<\/p>\n<p>En Juntos por siempre, el autor nos dice que si somos pacientes y superamos las pruebas que se nos presentan a lo largo de nuestra vida, nos convertiremos en personas m\u00e1s fuertes, m\u00e1s valientes y m\u00e1s sabias. En vez de hacernos m\u00e1s d\u00e9biles, aprenderemos a crear nuestra propia magia y nuestras propias maravillas, de manera que s\u00f3lo un mago lo puede hacer.<\/p>\n<p>En este tierno y c\u00e1lido relato, el Dr. Michael Laitman comparte con los ni\u00f1os y padres de familia algunos de los tesoros y encantos del mundo espiritual. La sabidur\u00eda de la Cabal\u00e1 est\u00e1 colmada de fascinantes historias. Juntos por siempre es otro regalo m\u00e1s de esta sabidur\u00eda eterna, cuyas lecciones hacen que nuestras vidas sean m\u00e1s ricas, m\u00e1s sencillas y mucho m\u00e1s plenas.<\/p>\n","protected":false},"featured_media":59391,"comment_status":"open","ping_status":"closed","template":"","meta":{"_et_pb_use_builder":"","_et_pb_old_content":"","_et_gb_content_width":""},"product_brand":[],"product_cat":[145],"product_tag":[],"class_list":{"0":"post-2743","1":"product","2":"type-product","3":"status-publish","4":"has-post-thumbnail","6":"product_cat-spanish","8":"first","9":"instock","10":"shipping-taxable","11":"purchasable","12":"product-type-simple"},"aioseo_notices":[],"_links":{"self":[{"href":"https:\/\/books.kab.co.il\/ru\/wp-json\/wp\/v2\/product\/2743","targetHints":{"allow":["GET"]}}],"collection":[{"href":"https:\/\/books.kab.co.il\/ru\/wp-json\/wp\/v2\/product"}],"about":[{"href":"https:\/\/books.kab.co.il\/ru\/wp-json\/wp\/v2\/types\/product"}],"replies":[{"embeddable":true,"href":"https:\/\/books.kab.co.il\/ru\/wp-json\/wp\/v2\/comments?post=2743"}],"wp:featuredmedia":[{"embeddable":true,"href":"https:\/\/books.kab.co.il\/ru\/wp-json\/wp\/v2\/media\/59391"}],"wp:attachment":[{"href":"https:\/\/books.kab.co.il\/ru\/wp-json\/wp\/v2\/media?parent=2743"}],"wp:term":[{"taxonomy":"product_brand","embeddable":true,"href":"https:\/\/books.kab.co.il\/ru\/wp-json\/wp\/v2\/product_brand?post=2743"},{"taxonomy":"product_cat","embeddable":true,"href":"https:\/\/books.kab.co.il\/ru\/wp-json\/wp\/v2\/product_cat?post=2743"},{"taxonomy":"product_tag","embeddable":true,"href":"https:\/\/books.kab.co.il\/ru\/wp-json\/wp\/v2\/product_tag?post=2743"}],"curies":[{"name":"wp","href":"https:\/\/api.w.org\/{rel}","templated":true}]}}