{"id":2737,"date":"2014-07-29T22:03:34","date_gmt":"2014-07-29T19:03:34","guid":{"rendered":"http:\/\/66books.co.il\/product\/ninos-del-manana-guia-para-educar-ninos-felices-en-el-siglo-xxi\/"},"modified":"2025-01-13T15:54:06","modified_gmt":"2025-01-13T13:54:06","slug":"ninos-del-manana-guia-para-educar-ninos-felices-en-el-siglo-xxi","status":"publish","type":"product","link":"https:\/\/books.kab.co.il\/ru\/\u043c\u0430\u0433\u0430\u0437\u0438\u043d\/other-languages\/spanish\/ninos-del-manana-guia-para-educar-ninos-felices-en-el-siglo-xxi\/","title":{"rendered":"Ni\u00f1os del Ma\u00f1ana; Gu\u00eda para educar ni\u00f1os felices en el siglo XXI"},"content":{"rendered":"<p>Product Details:<\/p>\n<p>Edition: Soft Cover<br \/>\nNumber of Pages: 184<\/p>\n","protected":false},"excerpt":{"rendered":"<p>Language: Spanish<br \/>\nLa educaci\u00f3n debe ser la adecuada para las nuevas almas que llegan al mundo en la actualidad, sin coerci\u00f3n, y con una explicaci\u00f3n sobre la esencia de la vida. \u00danicamente este enfoque ser\u00e1 exitoso.<\/p>\n<p>Ni\u00f1os del Ma\u00f1ana: Gu\u00eda para educar ni\u00f1os felices en el siglo XXI, es nuevo comienzo para usted y sus hijos. Imagine tener la posibilidad de pulsar el bot\u00f3n de reinicio y esta vez efectuar la tarea con \u00e9xito. Sin dificultad, sin tensi\u00f3n, y lo mejor de todo, sin tener que suponer.<\/p>\n<p>La gran revelaci\u00f3n es que la formaci\u00f3n de los ni\u00f1os debe estar basada en juegos, en tratarlos como peque\u00f1os adultos, y en tomar juntos las principales decisiones. Se sorprender\u00e1 al descubrir c\u00f3mo el educar a los ni\u00f1os sobre cosas positivas, tales como la amistad y la preocupaci\u00f3n por los dem\u00e1s, autom\u00e1ticamente repercute en otras \u00e1reas de nuestra vida a los largo del d\u00eda.<\/p>\n<p>Abra cualquier p\u00e1gina y encontrar\u00e1 citas que invitan a la reflexi\u00f3n sobre cada aspecto de la vida de los ni\u00f1os: relaciones padres-hijos, amistades y conflictos, y un panorama claro acerca de c\u00f3mo las escuelas deben ser dise\u00f1adas y c\u00f3mo tendr\u00edan que funcionar. Este libro ofrece una perspectiva innovadora sobre c\u00f3mo educar a nuestros hijos, teniendo como meta la felicidad de todos los ni\u00f1os, dondequiera que ellos se encuentren.<\/p>\n","protected":false},"featured_media":59396,"comment_status":"open","ping_status":"closed","template":"","meta":{"_et_pb_use_builder":"","_et_pb_old_content":"","_et_gb_content_width":""},"product_brand":[],"product_cat":[145],"product_tag":[],"class_list":{"0":"post-2737","1":"product","2":"type-product","3":"status-publish","4":"has-post-thumbnail","6":"product_cat-spanish","8":"first","9":"instock","10":"shipping-taxable","11":"purchasable","12":"product-type-simple"},"aioseo_notices":[],"_links":{"self":[{"href":"https:\/\/books.kab.co.il\/ru\/wp-json\/wp\/v2\/product\/2737","targetHints":{"allow":["GET"]}}],"collection":[{"href":"https:\/\/books.kab.co.il\/ru\/wp-json\/wp\/v2\/product"}],"about":[{"href":"https:\/\/books.kab.co.il\/ru\/wp-json\/wp\/v2\/types\/product"}],"replies":[{"embeddable":true,"href":"https:\/\/books.kab.co.il\/ru\/wp-json\/wp\/v2\/comments?post=2737"}],"wp:featuredmedia":[{"embeddable":true,"href":"https:\/\/books.kab.co.il\/ru\/wp-json\/wp\/v2\/media\/59396"}],"wp:attachment":[{"href":"https:\/\/books.kab.co.il\/ru\/wp-json\/wp\/v2\/media?parent=2737"}],"wp:term":[{"taxonomy":"product_brand","embeddable":true,"href":"https:\/\/books.kab.co.il\/ru\/wp-json\/wp\/v2\/product_brand?post=2737"},{"taxonomy":"product_cat","embeddable":true,"href":"https:\/\/books.kab.co.il\/ru\/wp-json\/wp\/v2\/product_cat?post=2737"},{"taxonomy":"product_tag","embeddable":true,"href":"https:\/\/books.kab.co.il\/ru\/wp-json\/wp\/v2\/product_tag?post=2737"}],"curies":[{"name":"wp","href":"https:\/\/api.w.org\/{rel}","templated":true}]}}