{"id":2731,"date":"2014-07-29T21:55:07","date_gmt":"2014-07-29T18:55:07","guid":{"rendered":"http:\/\/66books.co.il\/product\/la-voz-de-la-cabala\/"},"modified":"2021-01-03T14:49:00","modified_gmt":"2021-01-03T12:49:00","slug":"la-voz-de-la-cabala","status":"publish","type":"product","link":"https:\/\/books.kab.co.il\/ru\/\u043c\u0430\u0433\u0430\u0437\u0438\u043d\/other-languages\/spanish\/la-voz-de-la-cabala\/","title":{"rendered":"La Voz de la Cabal\u00e1"},"content":{"rendered":"<p>En nuestra \u00e9poca, hay una sensaci\u00f3n general de que \u201ctodo el mundo estudia Cabal\u00e1\u201d. Sin embargo, la sabidur\u00eda de la Cabal\u00e1 no es una moda pasajera, sino, un m\u00e9todo ancestral que pertenece a la cima del pensamiento humano; una sabidur\u00eda que abarca todo lo que requiere el ser humano para lidiar con los grandes desaf\u00edos que enfrenta.<\/p>\n<p>El libro La Voz de la Cabal\u00e1 es una selecci\u00f3n y recopilaci\u00f3n de los principales art\u00edculos de Cabal\u00e1 publicados en nuestro peri\u00f3dico en espa\u00f1ol, clasificados en 10 cap\u00edtulos que constituyen un mosaico rico y completo de esta sabidur\u00eda milenaria, para todo aquel que est\u00e9 realizando sus primeros pasos en este <\/p>\n","protected":false},"excerpt":{"rendered":"<p>Rav Michael Laitman PhD<\/p>\n<p>El libro La Voz de la Cabal\u00e1 es una selecci\u00f3n y recopilaci\u00f3n de los principales art\u00edculos de Cabal\u00e1 publicados en nuestro peri\u00f3dico en espa\u00f1ol, clasificados en 10 cap\u00edtulos que constituyen un mosaico rico y completo de esta sabidur\u00eda milenaria, para todo aquel que est\u00e9 realizando sus primeros pasos en este.<\/p>\n<p>Libro: en r\u00fastica<br \/>\nN\u00famero de p\u00e1ginas: 372 <\/p>\n","protected":false},"featured_media":2732,"comment_status":"open","ping_status":"closed","template":"","meta":{"_et_pb_use_builder":"","_et_pb_old_content":"","_et_gb_content_width":""},"product_brand":[],"product_cat":[145],"product_tag":[],"class_list":{"0":"post-2731","1":"product","2":"type-product","3":"status-publish","4":"has-post-thumbnail","6":"product_cat-spanish","8":"first","9":"instock","10":"shipping-taxable","11":"purchasable","12":"product-type-simple"},"aioseo_notices":[],"_links":{"self":[{"href":"https:\/\/books.kab.co.il\/ru\/wp-json\/wp\/v2\/product\/2731","targetHints":{"allow":["GET"]}}],"collection":[{"href":"https:\/\/books.kab.co.il\/ru\/wp-json\/wp\/v2\/product"}],"about":[{"href":"https:\/\/books.kab.co.il\/ru\/wp-json\/wp\/v2\/types\/product"}],"replies":[{"embeddable":true,"href":"https:\/\/books.kab.co.il\/ru\/wp-json\/wp\/v2\/comments?post=2731"}],"wp:featuredmedia":[{"embeddable":true,"href":"https:\/\/books.kab.co.il\/ru\/wp-json\/wp\/v2\/media\/2732"}],"wp:attachment":[{"href":"https:\/\/books.kab.co.il\/ru\/wp-json\/wp\/v2\/media?parent=2731"}],"wp:term":[{"taxonomy":"product_brand","embeddable":true,"href":"https:\/\/books.kab.co.il\/ru\/wp-json\/wp\/v2\/product_brand?post=2731"},{"taxonomy":"product_cat","embeddable":true,"href":"https:\/\/books.kab.co.il\/ru\/wp-json\/wp\/v2\/product_cat?post=2731"},{"taxonomy":"product_tag","embeddable":true,"href":"https:\/\/books.kab.co.il\/ru\/wp-json\/wp\/v2\/product_tag?post=2731"}],"curies":[{"name":"wp","href":"https:\/\/api.w.org\/{rel}","templated":true}]}}