{"id":2725,"date":"2014-07-29T21:47:03","date_gmt":"2014-07-29T18:47:03","guid":{"rendered":"http:\/\/66books.co.il\/product\/el-punto-en-el-corazon\/"},"modified":"2025-01-13T15:42:22","modified_gmt":"2025-01-13T13:42:22","slug":"el-punto-en-el-corazon","status":"publish","type":"product","link":"https:\/\/books.kab.co.il\/ru\/\u043c\u0430\u0433\u0430\u0437\u0438\u043d\/other-languages\/spanish\/el-punto-en-el-corazon\/","title":{"rendered":"El Punto en el Coraz\u00f3n"},"content":{"rendered":"","protected":false},"excerpt":{"rendered":"<p>Una vez que aparece en el coraz\u00f3n humano la vida nunca podr\u00e1 ser la misma. Es una transici\u00f3n hacia la madurez, un despertar que provoca un profundo cambio interno. Es un deseo singular que conduce a la persona hacia la percepci\u00f3n de un nuevo mundo de plenitud, satisfacci\u00f3n, y amor. El Punto en el Coraz\u00f3n contiene extractos selectos de las palabras del principal cabalista de nuestro tiempo, Dr. Michael Laitman. Sus lecciones son transmitidas diariamente en www.kab.tv\/spa.<\/p>\n","protected":false},"featured_media":59382,"comment_status":"open","ping_status":"closed","template":"","meta":{"_et_pb_use_builder":"","_et_pb_old_content":"","_et_gb_content_width":""},"product_brand":[],"product_cat":[145],"product_tag":[],"class_list":{"0":"post-2725","1":"product","2":"type-product","3":"status-publish","4":"has-post-thumbnail","6":"product_cat-spanish","8":"first","9":"instock","10":"shipping-taxable","11":"purchasable","12":"product-type-simple"},"aioseo_notices":[],"_links":{"self":[{"href":"https:\/\/books.kab.co.il\/ru\/wp-json\/wp\/v2\/product\/2725","targetHints":{"allow":["GET"]}}],"collection":[{"href":"https:\/\/books.kab.co.il\/ru\/wp-json\/wp\/v2\/product"}],"about":[{"href":"https:\/\/books.kab.co.il\/ru\/wp-json\/wp\/v2\/types\/product"}],"replies":[{"embeddable":true,"href":"https:\/\/books.kab.co.il\/ru\/wp-json\/wp\/v2\/comments?post=2725"}],"wp:featuredmedia":[{"embeddable":true,"href":"https:\/\/books.kab.co.il\/ru\/wp-json\/wp\/v2\/media\/59382"}],"wp:attachment":[{"href":"https:\/\/books.kab.co.il\/ru\/wp-json\/wp\/v2\/media?parent=2725"}],"wp:term":[{"taxonomy":"product_brand","embeddable":true,"href":"https:\/\/books.kab.co.il\/ru\/wp-json\/wp\/v2\/product_brand?post=2725"},{"taxonomy":"product_cat","embeddable":true,"href":"https:\/\/books.kab.co.il\/ru\/wp-json\/wp\/v2\/product_cat?post=2725"},{"taxonomy":"product_tag","embeddable":true,"href":"https:\/\/books.kab.co.il\/ru\/wp-json\/wp\/v2\/product_tag?post=2725"}],"curies":[{"name":"wp","href":"https:\/\/api.w.org\/{rel}","templated":true}]}}