{"id":2713,"date":"2014-07-29T21:06:57","date_gmt":"2014-07-29T18:06:57","guid":{"rendered":"http:\/\/66books.co.il\/product\/o-zohar\/"},"modified":"2024-12-23T11:19:02","modified_gmt":"2024-12-23T09:19:02","slug":"o-zohar","status":"publish","type":"product","link":"https:\/\/books.kab.co.il\/ru\/\u043c\u0430\u0433\u0430\u0437\u0438\u043d\/other-languages\/portuguese\/o-zohar\/","title":{"rendered":"O Zohar"},"content":{"rendered":"","protected":false},"excerpt":{"rendered":"<p>A sabedoria da Cabal\u00e1 ensina como perceber e viver a rea lidade que se propaga diante de n\u00f3s. Ela constitui um m\u00e9todo sistem\u00e1tico que tem evolu\u00eddo ao longo de milhares de anos, cultivado por pessoas cuja tarefa era assegurar que a verdadeira sabedoria pudesse ser oferecida para aqueles que estivessem prontos para receb\u00ea-la.<\/p>\n<p>O LIVRO DE ZOHAR (O LIVRO DO ESPLENDOR) \u00e9 uma fonte de sabedoria eterna e base para toda a literatura cabalista. Desde seu aparecimento h\u00e1 quase 2.000 anos atr\u00e1s, ele tem sido a fonte prim\u00e1ria, e muitas vezes a \u00fanica, usada pelos cabalistas.<br \/>\nPor s\u00e9culos a Cabal\u00e1 foi ocultada do p\u00fablico, que n\u00e3o era consi de rado ainda pronto para receb\u00ea-la. Contudo, a nossa gera\u00e7\u00e3o acabou sendo designada pelos Cabalistas com a primeira pronta para reter os conceitos contidos no O ZOHAR. Agora, podemos por em pr\u00e1tica estes princ\u00edpios em nossas vidas.<\/p>\n<p>Os tr\u00eas pilares da Cabal\u00e1, Rabi Shimon Bar-Yochai (au &#8212; tor do O LIVRO DE ZOHAR), o Santo ARI (autor de A \u00c1RVORE DA VIDA) e o Baal HaSulam (Rabi Yehuda Ashlag, autor de SULAM [ESCADA], coment\u00e1rios ao O LIVRO DE ZOHAR) concordam que desde o fi nal do S\u00e9culo XX, os ensinamentos da Cabal\u00e1 se tornariam dispon\u00edveis para todos, sem restri\u00e7\u00f5es.<\/p>\n<p>Escrito em uma linguagem metaf\u00f3rica e \u00fanica, O LIVRO DE ZOHAR enriquece a compreens\u00e3o da realidade, al\u00e9m de expandir a nossa vis\u00e3o de mundo. Contudo, este texto n\u00e3o deve ser lido da mesma forma que outros. Ele deve ser lido, com paci\u00eancia. Cada frase deve ser repetidamente lida, para extrair as nuances do texto. O leitor deve tentar penetrar nos sentimentos do autor.<\/p>\n<p>Embora o texto trabalhe com um \u00fanico tema \u2014 como se relacionar com O Criador \u2014 ele o aborda de diferentes \u00e2ngulos, o que permite a cada um de n\u00f3s encontrar uma passagem ou palavra espec\u00edfi ca, que ter\u00e1 capacidade de nos conduzir a sabedoria atemporal.<\/p>\n","protected":false},"featured_media":2714,"comment_status":"open","ping_status":"closed","template":"","meta":{"_et_pb_use_builder":"","_et_pb_old_content":"","_et_gb_content_width":""},"product_brand":[],"product_cat":[140],"product_tag":[],"class_list":{"0":"post-2713","1":"product","2":"type-product","3":"status-publish","4":"has-post-thumbnail","6":"product_cat-portuguese","8":"first","9":"outofstock","10":"shipping-taxable","11":"purchasable","12":"product-type-simple"},"aioseo_notices":[],"_links":{"self":[{"href":"https:\/\/books.kab.co.il\/ru\/wp-json\/wp\/v2\/product\/2713","targetHints":{"allow":["GET"]}}],"collection":[{"href":"https:\/\/books.kab.co.il\/ru\/wp-json\/wp\/v2\/product"}],"about":[{"href":"https:\/\/books.kab.co.il\/ru\/wp-json\/wp\/v2\/types\/product"}],"replies":[{"embeddable":true,"href":"https:\/\/books.kab.co.il\/ru\/wp-json\/wp\/v2\/comments?post=2713"}],"wp:featuredmedia":[{"embeddable":true,"href":"https:\/\/books.kab.co.il\/ru\/wp-json\/wp\/v2\/media\/2714"}],"wp:attachment":[{"href":"https:\/\/books.kab.co.il\/ru\/wp-json\/wp\/v2\/media?parent=2713"}],"wp:term":[{"taxonomy":"product_brand","embeddable":true,"href":"https:\/\/books.kab.co.il\/ru\/wp-json\/wp\/v2\/product_brand?post=2713"},{"taxonomy":"product_cat","embeddable":true,"href":"https:\/\/books.kab.co.il\/ru\/wp-json\/wp\/v2\/product_cat?post=2713"},{"taxonomy":"product_tag","embeddable":true,"href":"https:\/\/books.kab.co.il\/ru\/wp-json\/wp\/v2\/product_tag?post=2713"}],"curies":[{"name":"wp","href":"https:\/\/api.w.org\/{rel}","templated":true}]}}