{"id":2710,"date":"2014-07-29T21:03:09","date_gmt":"2014-07-29T18:03:09","guid":{"rendered":"http:\/\/66books.co.il\/product\/o-ponto-coracao-uma-fonte-de-prazer-para-minha-alma\/"},"modified":"2024-12-23T11:18:18","modified_gmt":"2024-12-23T09:18:18","slug":"o-ponto-coracao-uma-fonte-de-prazer-para-minha-alma","status":"publish","type":"product","link":"https:\/\/books.kab.co.il\/ru\/\u043c\u0430\u0433\u0430\u0437\u0438\u043d\/other-languages\/portuguese\/o-ponto-coracao-uma-fonte-de-prazer-para-minha-alma\/","title":{"rendered":"O PONTO NO CORA\u00c7\u00c3O; Uma Fonte de Prazer para Minha Alma"},"content":{"rendered":"<p>Product Details:<\/p>\n<p>Edition: Soft cover<br \/>\nNumber of Pages: 112<\/p>\n","protected":false},"excerpt":{"rendered":"<p>Language: Portuguese<\/p>\n<p>N\u00f3s estamos vivendo um momento muito especial.<br \/>\nPessoas de todas as partes do mundo est\u00e3o insatisfeitas com suas vidas, sentem que a vida deve lhes oferecer algo mais e, portanto desejam obter isso. Esse desejo e o despertar do &#171;ponto no corac\u00e3o&#187;. Todos n\u00f3s o temos , e agora, ele est\u00e1 come\u00e7ando a emergir em milh\u00f5es de pessoas. Cada sess\u00e3o neste livro \u00e9 \u00fanica e instigante, pois de modo suave e sincero lida com as quest\u00f5es mais profundas que dizem respeito, hoje, a todos n\u00f3s.<br \/>\nNestas p\u00e1ginas voc\u00ea tamb\u00e9m ir\u00e1 encontrar pinceladas da sabedoria contidas no livro do Zohar (o livro mais importante de todos na Cabal\u00e1) e em outros textos Cabal\u00edsticos. Este livro n\u00e3o se compromete a ensinar Cabal\u00e1, mas introduz ideias selecionadas dos ensinamentos. Voc\u00ea est\u00e1 prestes a embarcar em uma jornada que n\u00e3o s\u00f3 ir\u00e1 expandir as porfundezas do cora\u00e7\u00e3o mas tamb\u00e9m a eleva\u00e7\u00e3o do pensamento.<\/p>\n","protected":false},"featured_media":2711,"comment_status":"open","ping_status":"closed","template":"","meta":{"_et_pb_use_builder":"","_et_pb_old_content":"","_et_gb_content_width":""},"product_brand":[],"product_cat":[140],"product_tag":[],"class_list":{"0":"post-2710","1":"product","2":"type-product","3":"status-publish","4":"has-post-thumbnail","6":"product_cat-portuguese","8":"first","9":"outofstock","10":"shipping-taxable","11":"purchasable","12":"product-type-simple"},"aioseo_notices":[],"_links":{"self":[{"href":"https:\/\/books.kab.co.il\/ru\/wp-json\/wp\/v2\/product\/2710","targetHints":{"allow":["GET"]}}],"collection":[{"href":"https:\/\/books.kab.co.il\/ru\/wp-json\/wp\/v2\/product"}],"about":[{"href":"https:\/\/books.kab.co.il\/ru\/wp-json\/wp\/v2\/types\/product"}],"replies":[{"embeddable":true,"href":"https:\/\/books.kab.co.il\/ru\/wp-json\/wp\/v2\/comments?post=2710"}],"wp:featuredmedia":[{"embeddable":true,"href":"https:\/\/books.kab.co.il\/ru\/wp-json\/wp\/v2\/media\/2711"}],"wp:attachment":[{"href":"https:\/\/books.kab.co.il\/ru\/wp-json\/wp\/v2\/media?parent=2710"}],"wp:term":[{"taxonomy":"product_brand","embeddable":true,"href":"https:\/\/books.kab.co.il\/ru\/wp-json\/wp\/v2\/product_brand?post=2710"},{"taxonomy":"product_cat","embeddable":true,"href":"https:\/\/books.kab.co.il\/ru\/wp-json\/wp\/v2\/product_cat?post=2710"},{"taxonomy":"product_tag","embeddable":true,"href":"https:\/\/books.kab.co.il\/ru\/wp-json\/wp\/v2\/product_tag?post=2710"}],"curies":[{"name":"wp","href":"https:\/\/api.w.org\/{rel}","templated":true}]}}