{"id":2701,"date":"2014-07-29T20:50:00","date_gmt":"2014-07-29T17:50:00","guid":{"rendered":"http:\/\/66books.co.il\/product\/kabbala-fur-anfanger\/"},"modified":"2024-12-24T16:07:20","modified_gmt":"2024-12-24T14:07:20","slug":"kabbala-fur-anfanger","status":"publish","type":"product","link":"https:\/\/books.kab.co.il\/ru\/\u043c\u0430\u0433\u0430\u0437\u0438\u043d\/other-languages\/german\/kabbala-fur-anfanger\/","title":{"rendered":"KABBALA F\u00dcR ANF\u00c4NGER"},"content":{"rendered":"<p>Edition: Hard cover<br \/>\nNumber of Pages: 1080<\/p>\n","protected":false},"excerpt":{"rendered":"<p>Woher komme ich und wohin gehe ich? War ich schon einmal hier? Warum bin ich hier? Kann ich die gesamte Wirklichkeit und den Sinn des Lebens verstehen? Wie kann ich nicht nur Leid vermeiden, sondern auch wahrhaft gl\u00fccklich und zufrieden werden? Die gr\u00f6\u00dften Kabbalisten unserer Zeit, Rav Yehuda Ashlag, Autor des Sulam Kommentars zum Buch Sohar und sein Sohn und Nachfolger, Rav Baruch Ashlag bieten wertvolle und verst\u00e4ndliche Antworten auf diese Fragen. Sie basieren auf den Schriften des Rabbi Shimon Bar Yochai, Autor des Buches Sohar, und des Heiligen Ari (Rav Izchak Luria), Autor des Buches Baum des Lebens \u2013 durch sie lernen wir, wie wir von der Kabbala profitieren, wenn wir sie in unseren Alltag integrieren und umsetzen. Zus\u00e4tzlich zu den authentischen Texten der erw\u00e4hnten und anderer gro\u00dfer Kabbalisten bietet das Buch \u201eKabbala f\u00fcr Anf\u00e4nger\u201c Skizzen, die den Aufbau der H\u00f6heren Welten demonstrieren, so wie sie die Kabbalisten wahrnehmen. Das Buch enth\u00e4lt ebenso einige erkl\u00e4rende Essays, die uns dabei helfen, die authentischen Texte besser zu verstehen. Rav Michael Laitman, PhD, Rav Baruchs pers\u00f6nlicher Assistent und Sch\u00fcler fasste alle Texte, die ein Kabbala Student ben\u00f6tigt, um die spirituellen Welten zu erreichen, zu diesem Buch zusammen. In seinen t\u00e4glichen Unterrichten gr\u00fcndet Laitman seinen Lehrstoff auf diese inspirierenden Texte und hilft so sowohl Neulingen als auch Fortgeschrittenen auf ihrer Reise zu den H\u00f6heren Welten. Wenn Sie wahrhaft den Sinn Ihres Lebens suchen, wird Ihr Herz Sie durch die Texte der gro\u00dfen Kabbalisten f\u00fchren, die direkt aus ihrem Herzen zu Ihnen sprechen. Durch ihre Worte werden Sie die Essenz und die Kraft des Lebens enth\u00fcllen und einen Zugang zu Ihrer eigenen ewigen Existenz finden.<\/p>\n","protected":false},"featured_media":2702,"comment_status":"open","ping_status":"closed","template":"","meta":{"_et_pb_use_builder":"","_et_pb_old_content":"","_et_gb_content_width":""},"product_brand":[],"product_cat":[147],"product_tag":[],"class_list":{"0":"post-2701","1":"product","2":"type-product","3":"status-publish","4":"has-post-thumbnail","6":"product_cat-german","8":"first","9":"outofstock","10":"shipping-taxable","11":"purchasable","12":"product-type-simple"},"aioseo_notices":[],"_links":{"self":[{"href":"https:\/\/books.kab.co.il\/ru\/wp-json\/wp\/v2\/product\/2701","targetHints":{"allow":["GET"]}}],"collection":[{"href":"https:\/\/books.kab.co.il\/ru\/wp-json\/wp\/v2\/product"}],"about":[{"href":"https:\/\/books.kab.co.il\/ru\/wp-json\/wp\/v2\/types\/product"}],"replies":[{"embeddable":true,"href":"https:\/\/books.kab.co.il\/ru\/wp-json\/wp\/v2\/comments?post=2701"}],"wp:featuredmedia":[{"embeddable":true,"href":"https:\/\/books.kab.co.il\/ru\/wp-json\/wp\/v2\/media\/2702"}],"wp:attachment":[{"href":"https:\/\/books.kab.co.il\/ru\/wp-json\/wp\/v2\/media?parent=2701"}],"wp:term":[{"taxonomy":"product_brand","embeddable":true,"href":"https:\/\/books.kab.co.il\/ru\/wp-json\/wp\/v2\/product_brand?post=2701"},{"taxonomy":"product_cat","embeddable":true,"href":"https:\/\/books.kab.co.il\/ru\/wp-json\/wp\/v2\/product_cat?post=2701"},{"taxonomy":"product_tag","embeddable":true,"href":"https:\/\/books.kab.co.il\/ru\/wp-json\/wp\/v2\/product_tag?post=2701"}],"curies":[{"name":"wp","href":"https:\/\/api.w.org\/{rel}","templated":true}]}}