{"id":2698,"date":"2014-07-29T20:46:26","date_gmt":"2014-07-29T17:46:26","guid":{"rendered":"http:\/\/66books.co.il\/product\/das-licht-der-kabbala-die-einfuhrung-das-wesen-der-kabbala\/"},"modified":"2024-12-24T16:06:19","modified_gmt":"2024-12-24T14:06:19","slug":"das-licht-der-kabbala-die-einfuhrung-das-wesen-der-kabbala","status":"publish","type":"product","link":"https:\/\/books.kab.co.il\/ru\/\u043c\u0430\u0433\u0430\u0437\u0438\u043d\/other-languages\/german\/das-licht-der-kabbala-die-einfuhrung-das-wesen-der-kabbala\/","title":{"rendered":"Das Licht der Kabbala; Die Einf\u00fchrung in das Wesen der Kabbala"},"content":{"rendered":"<p>Was bedeutet das Studium der Kabbala und welchen inneren und \u00e4u\u00dferen Weg kann es weisen?<\/p>\n<p>Die grundlegenden Konzepte hinter dem Studium und Leben kabbalistischer Weisheit werden verst\u00e4ndlich vorgestellt und so dargelegt, dass der Leser einen ersten Eindruck kabbalistischer Spiritualit\u00e4t bekommt.<\/p>\n","protected":false},"excerpt":{"rendered":"<p>Rav Michael Laitman PhD<\/p>\n<p>Die grundlegenden Konzepte hinter dem Studium und Leben kabbalistischer Weisheit werden verst\u00e4ndlich vorgestellt und so dargelegt, dass der Leser einen ersten Eindruck kabbalistischer Spiritualit\u00e4t bekommt.<\/p>\n<p>Cover: Soft<br \/>\nNumber of Pages: 160<\/p>\n","protected":false},"featured_media":2699,"comment_status":"open","ping_status":"closed","template":"","meta":{"_et_pb_use_builder":"","_et_pb_old_content":"","_et_gb_content_width":""},"product_brand":[],"product_cat":[147],"product_tag":[],"class_list":{"0":"post-2698","1":"product","2":"type-product","3":"status-publish","4":"has-post-thumbnail","6":"product_cat-german","8":"first","9":"instock","10":"shipping-taxable","11":"purchasable","12":"product-type-simple"},"aioseo_notices":[],"_links":{"self":[{"href":"https:\/\/books.kab.co.il\/ru\/wp-json\/wp\/v2\/product\/2698","targetHints":{"allow":["GET"]}}],"collection":[{"href":"https:\/\/books.kab.co.il\/ru\/wp-json\/wp\/v2\/product"}],"about":[{"href":"https:\/\/books.kab.co.il\/ru\/wp-json\/wp\/v2\/types\/product"}],"replies":[{"embeddable":true,"href":"https:\/\/books.kab.co.il\/ru\/wp-json\/wp\/v2\/comments?post=2698"}],"wp:featuredmedia":[{"embeddable":true,"href":"https:\/\/books.kab.co.il\/ru\/wp-json\/wp\/v2\/media\/2699"}],"wp:attachment":[{"href":"https:\/\/books.kab.co.il\/ru\/wp-json\/wp\/v2\/media?parent=2698"}],"wp:term":[{"taxonomy":"product_brand","embeddable":true,"href":"https:\/\/books.kab.co.il\/ru\/wp-json\/wp\/v2\/product_brand?post=2698"},{"taxonomy":"product_cat","embeddable":true,"href":"https:\/\/books.kab.co.il\/ru\/wp-json\/wp\/v2\/product_cat?post=2698"},{"taxonomy":"product_tag","embeddable":true,"href":"https:\/\/books.kab.co.il\/ru\/wp-json\/wp\/v2\/product_tag?post=2698"}],"curies":[{"name":"wp","href":"https:\/\/api.w.org\/{rel}","templated":true}]}}