{"id":2670,"date":"2014-07-20T20:33:37","date_gmt":"2014-07-20T17:33:37","guid":{"rendered":"http:\/\/66books.co.il\/product\/le-point-dans-le-coeur-une-source-de-plaisir-pour-mon-ame\/"},"modified":"2025-01-13T16:31:32","modified_gmt":"2025-01-13T14:31:32","slug":"le-point-dans-le-coeur-une-source-de-plaisir-pour-mon-ame","status":"publish","type":"product","link":"https:\/\/books.kab.co.il\/ru\/\u043c\u0430\u0433\u0430\u0437\u0438\u043d\/other-languages\/french\/le-point-dans-le-coeur-une-source-de-plaisir-pour-mon-ame\/","title":{"rendered":"Le Point dans le coeur; Une source de plaisir pour mon \u00e2me"},"content":{"rendered":"","protected":false},"excerpt":{"rendered":"<p>Livre id\u00e9al lorsque vous voulez prendre un moment de r\u00e9flexion, en t\u00eate \u00e0 t\u00eate avec vos pens\u00e9es; Ce livre vous aidera a retrouver votre \u00e9quilibre int\u00e9rieur. Le Point dans le Coeur est une collection unique de notes d&#8217;un homme dont la sagesse a trouv\u00e9 \u00e9cho aupr\u00e8s de milliers d&#8217;\u00e9tudiants dans le monde. Micha\u00ebl Laitman est un scientifique, un kabbaliste et un auteur qui a su pr\u00e9senter une ancienne et profonde sagesse dans un style abordable par le grand public.<\/p>\n<p><!-- AddThis Button BEGIN --><br \/>\n<a href=\"http:\/\/www.addthis.com\/bookmark.php?v=250\"><img decoding=\"async\" style=\"border: 0;\" src=\"http:\/\/s7.addthis.com\/static\/btn\/lg-share-en.gif\" alt=\"Bookmark and Share\" width=\"125\" height=\"16\" \/><\/a><br \/>\n<!-- AddThis Button END --><\/p>\n","protected":false},"featured_media":59439,"comment_status":"open","ping_status":"closed","template":"","meta":{"_et_pb_use_builder":"","_et_pb_old_content":"","_et_gb_content_width":""},"product_brand":[],"product_cat":[148],"product_tag":[],"class_list":{"0":"post-2670","1":"product","2":"type-product","3":"status-publish","4":"has-post-thumbnail","6":"product_cat-french","8":"first","9":"instock","10":"shipping-taxable","11":"purchasable","12":"product-type-simple"},"aioseo_notices":[],"_links":{"self":[{"href":"https:\/\/books.kab.co.il\/ru\/wp-json\/wp\/v2\/product\/2670","targetHints":{"allow":["GET"]}}],"collection":[{"href":"https:\/\/books.kab.co.il\/ru\/wp-json\/wp\/v2\/product"}],"about":[{"href":"https:\/\/books.kab.co.il\/ru\/wp-json\/wp\/v2\/types\/product"}],"replies":[{"embeddable":true,"href":"https:\/\/books.kab.co.il\/ru\/wp-json\/wp\/v2\/comments?post=2670"}],"wp:featuredmedia":[{"embeddable":true,"href":"https:\/\/books.kab.co.il\/ru\/wp-json\/wp\/v2\/media\/59439"}],"wp:attachment":[{"href":"https:\/\/books.kab.co.il\/ru\/wp-json\/wp\/v2\/media?parent=2670"}],"wp:term":[{"taxonomy":"product_brand","embeddable":true,"href":"https:\/\/books.kab.co.il\/ru\/wp-json\/wp\/v2\/product_brand?post=2670"},{"taxonomy":"product_cat","embeddable":true,"href":"https:\/\/books.kab.co.il\/ru\/wp-json\/wp\/v2\/product_cat?post=2670"},{"taxonomy":"product_tag","embeddable":true,"href":"https:\/\/books.kab.co.il\/ru\/wp-json\/wp\/v2\/product_tag?post=2670"}],"curies":[{"name":"wp","href":"https:\/\/api.w.org\/{rel}","templated":true}]}}