{"id":2667,"date":"2014-07-20T20:30:57","date_gmt":"2014-07-20T17:30:57","guid":{"rendered":"http:\/\/66books.co.il\/product\/concepts-fondamentaux-de-la-kabbale\/"},"modified":"2024-12-23T11:20:45","modified_gmt":"2024-12-23T09:20:45","slug":"concepts-fondamentaux-de-la-kabbale","status":"publish","type":"product","link":"https:\/\/books.kab.co.il\/ru\/\u043c\u0430\u0433\u0430\u0437\u0438\u043d\/other-languages\/french\/concepts-fondamentaux-de-la-kabbale\/","title":{"rendered":"Concepts Fondamentaux de la Kabbale"},"content":{"rendered":"<p>L&#8217;ouvrage Concepts fondamentaux de la Kabbale est une introduction en douceur aux concepts et au sens de la Kabbale. Le livre pr\u00e9sente des id\u00e9es et des principes de fa\u00e7on agr\u00e9able permettant au lecteur d\u2019\u00eatre \u00e0 l\u2019aise avec des id\u00e9es pouvant \u00eatre intimidantes, si elles \u00e9taient pr\u00e9sent\u00e9es dans un style plus difficile. Bref, mais personnel, le livre encourage une seconde voire une troisi\u00e8me lecture pour une meilleur appr\u00e9hension. A chaque fois, le lecteur d\u00e9couvrira dans le texte des aspects nouveau. Un guide d\u2019apprentissage concis et puissant, ce livre poss\u00e8de une force subtile, il est l\u2019introduction id\u00e9ale \u00e0 l\u2019art et la science de la Kabbale.<\/p>\n","protected":false},"excerpt":{"rendered":"<p>Rav Michael Laitman PhD<\/p>\n<p>L&#8217;ouvrage Concepts fondamentaux de la Kabbale est une introduction en douceur aux concepts et au sens de la Kabbale. Le livre pr\u00e9sente des id\u00e9es et des principes de fa\u00e7on agr\u00e9able permettant au lecteur d\u2019\u00eatre \u00e0 l\u2019aise avec des id\u00e9es pouvant \u00eatre intimidantes, si elles \u00e9taient pr\u00e9sent\u00e9es dans un style plus difficile.<\/p>\n<p>Edition: Paperback<br \/>\nNumber of Pages: 144<\/p>\n","protected":false},"featured_media":2668,"comment_status":"open","ping_status":"closed","template":"","meta":{"_et_pb_use_builder":"","_et_pb_old_content":"","_et_gb_content_width":""},"product_brand":[],"product_cat":[148],"product_tag":[],"class_list":{"0":"post-2667","1":"product","2":"type-product","3":"status-publish","4":"has-post-thumbnail","6":"product_cat-french","8":"first","9":"outofstock","10":"shipping-taxable","11":"purchasable","12":"product-type-simple"},"aioseo_notices":[],"_links":{"self":[{"href":"https:\/\/books.kab.co.il\/ru\/wp-json\/wp\/v2\/product\/2667","targetHints":{"allow":["GET"]}}],"collection":[{"href":"https:\/\/books.kab.co.il\/ru\/wp-json\/wp\/v2\/product"}],"about":[{"href":"https:\/\/books.kab.co.il\/ru\/wp-json\/wp\/v2\/types\/product"}],"replies":[{"embeddable":true,"href":"https:\/\/books.kab.co.il\/ru\/wp-json\/wp\/v2\/comments?post=2667"}],"wp:featuredmedia":[{"embeddable":true,"href":"https:\/\/books.kab.co.il\/ru\/wp-json\/wp\/v2\/media\/2668"}],"wp:attachment":[{"href":"https:\/\/books.kab.co.il\/ru\/wp-json\/wp\/v2\/media?parent=2667"}],"wp:term":[{"taxonomy":"product_brand","embeddable":true,"href":"https:\/\/books.kab.co.il\/ru\/wp-json\/wp\/v2\/product_brand?post=2667"},{"taxonomy":"product_cat","embeddable":true,"href":"https:\/\/books.kab.co.il\/ru\/wp-json\/wp\/v2\/product_cat?post=2667"},{"taxonomy":"product_tag","embeddable":true,"href":"https:\/\/books.kab.co.il\/ru\/wp-json\/wp\/v2\/product_tag?post=2667"}],"curies":[{"name":"wp","href":"https:\/\/api.w.org\/{rel}","templated":true}]}}