{"id":2664,"date":"2014-07-20T20:28:23","date_gmt":"2014-07-20T17:28:23","guid":{"rendered":"http:\/\/66books.co.il\/product\/la-kabbale-en-toute-simplicite\/"},"modified":"2024-12-23T11:39:01","modified_gmt":"2024-12-23T09:39:01","slug":"la-kabbale-en-toute-simplicite","status":"publish","type":"product","link":"https:\/\/books.kab.co.il\/ru\/\u043c\u0430\u0433\u0430\u0437\u0438\u043d\/other-languages\/french\/la-kabbale-en-toute-simplicite\/","title":{"rendered":"La Kabbale en toute Simplicit\u00e9"},"content":{"rendered":"<p>R\u00e9dig\u00e9 dans un style accessible \u00e0 tous, La Kabbale en toute simplicit\u00e9 donne une v\u00e9ritable vue panoramique de cette sagesse antique. Puisant dans les sources traditionnelles de la Kabbale, l\u2019auteur couvre dans ce livre les aspects conceptuels et historiques de celle-ci, et nous emm\u00e8ne \u00e9galement dans une r\u00e9flexion sur le monde et sur nous-m\u00eames. Le lecteur appr\u00e9ciera \u00e9galement l\u2019explication du sens des f\u00eates juive selon la Kabbale, ainsi que toute une partie d\u00e9di\u00e9e au sens de la langue h\u00e9bra\u00efque. La Kabbale en toute simplicit\u00e9 constitue un ouvrage indispensable \u00e0 tous ceux qui veulent d\u00e9couvrir la Kabbale ou approfondir leurs connaissances.<\/p>\n","protected":false},"excerpt":{"rendered":"<p>Rav Michael Laitman PhD<\/p>\n<p>La Kabbale en toute simplicit\u00e9 constitue un ouvrage indispensable \u00e0 tous ceux qui veulent d\u00e9couvrir la Kabbale ou approfondir leurs connaissances.<\/p>\n<p>Edition: Paperback<br \/>\nNumber of Pages: 130<\/p>\n","protected":false},"featured_media":2665,"comment_status":"open","ping_status":"closed","template":"","meta":{"_et_pb_use_builder":"","_et_pb_old_content":"","_et_gb_content_width":""},"product_brand":[],"product_cat":[148],"product_tag":[],"class_list":{"0":"post-2664","1":"product","2":"type-product","3":"status-publish","4":"has-post-thumbnail","6":"product_cat-french","8":"first","9":"outofstock","10":"shipping-taxable","11":"purchasable","12":"product-type-simple"},"aioseo_notices":[],"_links":{"self":[{"href":"https:\/\/books.kab.co.il\/ru\/wp-json\/wp\/v2\/product\/2664","targetHints":{"allow":["GET"]}}],"collection":[{"href":"https:\/\/books.kab.co.il\/ru\/wp-json\/wp\/v2\/product"}],"about":[{"href":"https:\/\/books.kab.co.il\/ru\/wp-json\/wp\/v2\/types\/product"}],"replies":[{"embeddable":true,"href":"https:\/\/books.kab.co.il\/ru\/wp-json\/wp\/v2\/comments?post=2664"}],"wp:featuredmedia":[{"embeddable":true,"href":"https:\/\/books.kab.co.il\/ru\/wp-json\/wp\/v2\/media\/2665"}],"wp:attachment":[{"href":"https:\/\/books.kab.co.il\/ru\/wp-json\/wp\/v2\/media?parent=2664"}],"wp:term":[{"taxonomy":"product_brand","embeddable":true,"href":"https:\/\/books.kab.co.il\/ru\/wp-json\/wp\/v2\/product_brand?post=2664"},{"taxonomy":"product_cat","embeddable":true,"href":"https:\/\/books.kab.co.il\/ru\/wp-json\/wp\/v2\/product_cat?post=2664"},{"taxonomy":"product_tag","embeddable":true,"href":"https:\/\/books.kab.co.il\/ru\/wp-json\/wp\/v2\/product_tag?post=2664"}],"curies":[{"name":"wp","href":"https:\/\/api.w.org\/{rel}","templated":true}]}}