{"id":2655,"date":"2014-07-20T20:20:21","date_gmt":"2014-07-20T17:20:21","guid":{"rendered":"http:\/\/66books.co.il\/product\/kabala-zakladni-principy\/"},"modified":"2024-12-23T11:40:22","modified_gmt":"2024-12-23T09:40:22","slug":"kabala-zakladni-principy","status":"publish","type":"product","link":"https:\/\/books.kab.co.il\/ru\/\u043c\u0430\u0433\u0430\u0437\u0438\u043d\/other-languages\/czech\/kabala-zakladni-principy\/","title":{"rendered":"Kabala Z\u00e1kladn\u00ed principy"},"content":{"rendered":"<p>Product Details:<\/p>\n<p>Binding: Softcover<br \/>\nPage count: 118<\/p>\n","protected":false},"excerpt":{"rendered":"<p>Kabalista je \u010dlov\u011bk, kter\u00fd navenek vypad\u00e1 jako kdokoliv jin\u00fd. Kabalista nemus\u00ed b\u00fdt chytr\u00fd, ani vzd\u011blan\u00fd. Z jeho vzez\u0159en\u00ed se ned\u00e1 nic poznat. Je to oby\u010dejn\u00fd \u010dlov\u011bk, kter\u00fd skrze studium kabaly z\u00edskal \u201e\u0161est\u00fd smysl\u201c, \u010dili schopnost vn\u00edmat skryt\u00e9 \u010d\u00e1sti sv\u011bta. Kabalista m\u016f\u017ee d\u00edky tomuto smyslu vn\u00edmat cel\u00e9 universum, vid\u011bt jak n\u00e1\u0161, tak duchovn\u00ed sv\u011bt jako hmatatelnou realitu. B\u011b\u017en\u00fd \u010dlov\u011bk vn\u00edm\u00e1 pouze st\u0159\u00edpek z vesm\u00edru kolem n\u00e1s a tento st\u0159\u00edpek naz\u00fdv\u00e1 \u201en\u00e1\u0161 sv\u011bt\u201c. Kabalista ale vn\u00edm\u00e1 cel\u00e9 universum.<\/p>\n<p>Opakovanou \u010detbou t\u00e9to knihy si vypracujete vnit\u0159n\u00ed pozorov\u00e1n\u00ed, smysly a vn\u00edm\u00e1n\u00ed, kter\u00e9 jste dosud nem\u011bli. Mezi tato vnit\u0159n\u00ed pozorov\u00e1n\u00ed pat\u0159\u00ed \u201edojem\u201c, \u017ee kolem n\u00e1s je rozm\u011br, kter\u00fd je na\u0161im b\u011b\u017en\u00fdm smysl\u016fm skryt\u00fd. Tato kniha m\u00e1 b\u00fdt nav\u00edc pom\u016fckou p\u0159i meditaci o duchovn\u00edch v\u011bcech. Jakmile se toti\u017e bl\u00ed\u017ee s\u017eijeme s t\u011bmito v\u011bcmi, n\u00e1\u0161 vnit\u0159n\u00ed zrak za\u010dne b\u00fdt schopen odhalovat duchovn\u00ed sv\u011bty kolem n\u00e1s a my uvid\u00edme sv\u011bt skoro tak, jakoby se rozplynula mlha.<\/p>\n<p>Tato kniha nen\u00ed zam\u011b\u0159ena na studium akademick\u00fdch fakt\u016f. Je v\u0161ak knihou pro za\u010d\u00e1te\u010dn\u00edky, kte\u0159\u00ed tou\u017e\u00ed, aby se jejich nejhlub\u0161\u00ed a nejsubtiln\u011bj\u0161\u00ed smysly, kter\u00e9 maj\u00ed, kone\u010dn\u011b probudily.<\/p>\n<p>\u2022 Co je podstatou a c\u00edlem kabaly?<br \/>\n\u2022 Pro\u010d kabala vznikla?<br \/>\n\u2022 Je sv\u011bt dokonal\u00fd?<br \/>\n\u2022 M\u00e1me svobodnou v\u016fli?<\/p>\n","protected":false},"featured_media":2656,"comment_status":"open","ping_status":"closed","template":"","meta":{"_et_pb_use_builder":"","_et_pb_old_content":"","_et_gb_content_width":""},"product_brand":[],"product_cat":[153],"product_tag":[],"class_list":{"0":"post-2655","1":"product","2":"type-product","3":"status-publish","4":"has-post-thumbnail","6":"product_cat-czech","8":"first","9":"outofstock","10":"shipping-taxable","11":"purchasable","12":"product-type-simple"},"aioseo_notices":[],"_links":{"self":[{"href":"https:\/\/books.kab.co.il\/ru\/wp-json\/wp\/v2\/product\/2655","targetHints":{"allow":["GET"]}}],"collection":[{"href":"https:\/\/books.kab.co.il\/ru\/wp-json\/wp\/v2\/product"}],"about":[{"href":"https:\/\/books.kab.co.il\/ru\/wp-json\/wp\/v2\/types\/product"}],"replies":[{"embeddable":true,"href":"https:\/\/books.kab.co.il\/ru\/wp-json\/wp\/v2\/comments?post=2655"}],"wp:featuredmedia":[{"embeddable":true,"href":"https:\/\/books.kab.co.il\/ru\/wp-json\/wp\/v2\/media\/2656"}],"wp:attachment":[{"href":"https:\/\/books.kab.co.il\/ru\/wp-json\/wp\/v2\/media?parent=2655"}],"wp:term":[{"taxonomy":"product_brand","embeddable":true,"href":"https:\/\/books.kab.co.il\/ru\/wp-json\/wp\/v2\/product_brand?post=2655"},{"taxonomy":"product_cat","embeddable":true,"href":"https:\/\/books.kab.co.il\/ru\/wp-json\/wp\/v2\/product_cat?post=2655"},{"taxonomy":"product_tag","embeddable":true,"href":"https:\/\/books.kab.co.il\/ru\/wp-json\/wp\/v2\/product_tag?post=2655"}],"curies":[{"name":"wp","href":"https:\/\/api.w.org\/{rel}","templated":true}]}}