{"id":2652,"date":"2014-07-20T20:18:00","date_gmt":"2014-07-20T17:18:00","guid":{"rendered":"http:\/\/66books.co.il\/product\/odhalena-kabala\/"},"modified":"2024-12-23T17:20:15","modified_gmt":"2024-12-23T15:20:15","slug":"odhalena-kabala","status":"publish","type":"product","link":"https:\/\/books.kab.co.il\/ru\/\u043c\u0430\u0433\u0430\u0437\u0438\u043d\/other-languages\/czech\/odhalena-kabala\/","title":{"rendered":"Odhalena Kabala"},"content":{"rendered":"","protected":false},"excerpt":{"rendered":"<p>Autor je s\u00fa\u010dasn\u00fd popredn\u00fd kabalista. Jeho kniha zrozumite\u013ene vysvet\u013euje jedno z najv\u00fdznamnej\u0161\u00edch svetov\u00fdch duchovn\u00fdch u\u010den\u00ed. Z\u00e1rove\u0148 poskytuje k\u013e\u00fa\u010d k blahu \u013eudstva v zlo\u017eitej s\u00fa\u010dasnosti, kedy \u010del\u00edme \u00falohe rozhodn\u00fa\u0165 sa medzi devolu\u010dnou a evolu\u010dnou cestou.<\/p>\n<p>Page count: 160<\/p>\n","protected":false},"featured_media":2653,"comment_status":"open","ping_status":"closed","template":"","meta":{"_et_pb_use_builder":"","_et_pb_old_content":"","_et_gb_content_width":""},"product_brand":[],"product_cat":[153],"product_tag":[],"class_list":{"0":"post-2652","1":"product","2":"type-product","3":"status-publish","4":"has-post-thumbnail","6":"product_cat-czech","8":"first","9":"outofstock","10":"shipping-taxable","11":"purchasable","12":"product-type-simple"},"aioseo_notices":[],"_links":{"self":[{"href":"https:\/\/books.kab.co.il\/ru\/wp-json\/wp\/v2\/product\/2652","targetHints":{"allow":["GET"]}}],"collection":[{"href":"https:\/\/books.kab.co.il\/ru\/wp-json\/wp\/v2\/product"}],"about":[{"href":"https:\/\/books.kab.co.il\/ru\/wp-json\/wp\/v2\/types\/product"}],"replies":[{"embeddable":true,"href":"https:\/\/books.kab.co.il\/ru\/wp-json\/wp\/v2\/comments?post=2652"}],"wp:featuredmedia":[{"embeddable":true,"href":"https:\/\/books.kab.co.il\/ru\/wp-json\/wp\/v2\/media\/2653"}],"wp:attachment":[{"href":"https:\/\/books.kab.co.il\/ru\/wp-json\/wp\/v2\/media?parent=2652"}],"wp:term":[{"taxonomy":"product_brand","embeddable":true,"href":"https:\/\/books.kab.co.il\/ru\/wp-json\/wp\/v2\/product_brand?post=2652"},{"taxonomy":"product_cat","embeddable":true,"href":"https:\/\/books.kab.co.il\/ru\/wp-json\/wp\/v2\/product_cat?post=2652"},{"taxonomy":"product_tag","embeddable":true,"href":"https:\/\/books.kab.co.il\/ru\/wp-json\/wp\/v2\/product_tag?post=2652"}],"curies":[{"name":"wp","href":"https:\/\/api.w.org\/{rel}","templated":true}]}}