{"id":2649,"date":"2014-07-20T19:37:49","date_gmt":"2014-07-20T16:37:49","guid":{"rendered":"http:\/\/66books.co.il\/product\/od-chaosu-k-harmonii\/"},"modified":"2024-12-24T11:54:51","modified_gmt":"2024-12-24T09:54:51","slug":"od-chaosu-k-harmonii","status":"publish","type":"product","link":"https:\/\/books.kab.co.il\/ru\/\u043c\u0430\u0433\u0430\u0437\u0438\u043d\/other-languages\/czech\/od-chaosu-k-harmonii\/","title":{"rendered":"Od chaosu k harmonii"},"content":{"rendered":"<p>Kniha kombinuje z\u00e1klady star\u00e9 moudrosti kabaly s nejnov\u011bj\u0161\u00edmi poznatky v\u011bdy, kak\u017ee p\u0159edtavuje jak\u00fdsi kompletn\u00ed vzorec \u017eivota. Kabala, to je moudrost, je\u017e podporuje jednotu a celistvost a potla\u010duje rostouc\u00ed egoismus ka\u017ed\u00e9ho z lid\u00ed. Kabala je dnes uzn\u00e1van\u00e1 jako funk\u010dn\u00ed, \u010dasem ov\u011b\u0159en\u00e1 metoda na zlep\u0161en\u00ed na\u0161eho \u017eivota; jej\u00ed principy n\u00e1m nab\u00edzej\u00ed \u0159e\u0161en\u00ed glob\u00e1ln\u00ed krize a vysv\u011btluj\u00ed, jak dos\u00e1hnout m\u00edru a napln\u011bn\u00ed. Kniha je zalo\u017eena na esej\u00edch a semin\u00e1\u0159\u00edch veden\u00fdch Michaelem Laitmanem. Kniha se zam\u011b\u0159uje na osobn\u00ed \u00farove\u0148 lidsk\u00e9ho v\u00fdvoje &#8212; vysv\u011btluje tedy ko\u0159eny ka\u017ed\u00e9 krize i peripetie, je\u017e v \u017eivot\u011b zakou\u0161\u00edme, a popisuje, jak je m\u016f\u017eeme vy\u0159e\u0161it.<\/p>\n","protected":false},"excerpt":{"rendered":"<p>Rav Michael Laitman PhD<\/p>\n<p>Kniha kombinuje z\u00e1klady star\u00e9 moudrosti kabaly s nejnov\u011bj\u0161\u00edmi poznatky v\u011bdy, kak\u017ee p\u0159edtavuje jak\u00fdsi kompletn\u00ed vzorec \u017eivota. Kabala, to je moudrost, je\u017e podporuje jednotu a celistvost a potla\u010duje rostouc\u00ed egoismus ka\u017ed\u00e9ho z lid\u00ed.<\/p>\n<p>Po\u010det stran: 160<\/p>\n","protected":false},"featured_media":2650,"comment_status":"open","ping_status":"closed","template":"","meta":{"_et_pb_use_builder":"","_et_pb_old_content":"","_et_gb_content_width":""},"product_brand":[],"product_cat":[153],"product_tag":[],"class_list":{"0":"post-2649","1":"product","2":"type-product","3":"status-publish","4":"has-post-thumbnail","6":"product_cat-czech","8":"first","9":"outofstock","10":"shipping-taxable","11":"purchasable","12":"product-type-simple"},"aioseo_notices":[],"_links":{"self":[{"href":"https:\/\/books.kab.co.il\/ru\/wp-json\/wp\/v2\/product\/2649","targetHints":{"allow":["GET"]}}],"collection":[{"href":"https:\/\/books.kab.co.il\/ru\/wp-json\/wp\/v2\/product"}],"about":[{"href":"https:\/\/books.kab.co.il\/ru\/wp-json\/wp\/v2\/types\/product"}],"replies":[{"embeddable":true,"href":"https:\/\/books.kab.co.il\/ru\/wp-json\/wp\/v2\/comments?post=2649"}],"wp:featuredmedia":[{"embeddable":true,"href":"https:\/\/books.kab.co.il\/ru\/wp-json\/wp\/v2\/media\/2650"}],"wp:attachment":[{"href":"https:\/\/books.kab.co.il\/ru\/wp-json\/wp\/v2\/media?parent=2649"}],"wp:term":[{"taxonomy":"product_brand","embeddable":true,"href":"https:\/\/books.kab.co.il\/ru\/wp-json\/wp\/v2\/product_brand?post=2649"},{"taxonomy":"product_cat","embeddable":true,"href":"https:\/\/books.kab.co.il\/ru\/wp-json\/wp\/v2\/product_cat?post=2649"},{"taxonomy":"product_tag","embeddable":true,"href":"https:\/\/books.kab.co.il\/ru\/wp-json\/wp\/v2\/product_tag?post=2649"}],"curies":[{"name":"wp","href":"https:\/\/api.w.org\/{rel}","templated":true}]}}