{"id":2646,"date":"2014-07-20T19:32:05","date_gmt":"2014-07-20T16:32:05","guid":{"rendered":"http:\/\/66books.co.il\/product\/kabala-ujawniona\/"},"modified":"2016-01-13T08:52:29","modified_gmt":"2016-01-13T06:52:29","slug":"kabala-ujawniona","status":"publish","type":"product","link":"https:\/\/books.kab.co.il\/ru\/\u043c\u0430\u0433\u0430\u0437\u0438\u043d\/other-languages\/polish\/kabala-ujawniona\/","title":{"rendered":"Kaba\u0142a ujawniona"},"content":{"rendered":"<p>Postanowi\u0142em napisa\u0107 \u201eKaba\u0142\u0119 ujawnion\u0105, poradnik, jak doprowadzi\u0107 nas do \u015bwiata pokoju, harmonii i ekorozwoju\u201d, \u017ceby przedstawi\u0107 kaba\u0142\u0119 jako \u017ar\u00f3d\u0142o \u017cywej m\u0105dro\u015bci, kt\u00f3ra od tysi\u0119cy lat dowodzi, jak bardzo jest warto\u015bciowa. Co wi\u0119cej, kaba\u0142a ma dzisiaj wi\u0119ksze ni\u017c kiedykolwiek znaczenie jako poradnik zar\u00f3wno duchowy, jak i praktyczny.<br \/>\nTa ksi\u0105\u017cka opowie prawdziw\u0105 histori\u0119 kaba\u0142y: o jej pocz\u0105tkach, o jej rozwoju i o tym, w jaki spos\u00f3b s\u0142u\u017cy obecnie nam wszystkim, b\u0119d\u0105c \u017ar\u00f3d\u0142em porad i pomagaj\u0105c nam \u017cy\u0107 i prosperowa\u0107 spokojniej w dzisiejszym \u015bwiecie niepewnym jutra.<br \/>\n\u201eKaba\u0142a ujawniona\u201d skupia si\u0119 r\u00f3wnie\u017c na osobistej podr\u00f3\u017cy, w kt\u00f3r\u0105 w\u0142a\u015bnie wyruszacie, podr\u00f3\u017cy odkrywczej, podczas kt\u00f3rej zyskacie wa\u017cn\u0105 wiedz\u0119 o \u017cyciu i swoim miejscu we wszech\u015bwiecie. Opowiedzia\u0142em histori\u0119 kaba\u0142y w przejrzystym, prostym stylu, poniewa\u017c chcia\u0142bym, by cieszy\u0142o Was czytanie tej ksi\u0105\u017cki tak bardzo, jak mnie cieszy\u0142o jej pisanie. A je\u017celi \u201eKaba\u0142a ujawniona\u201d doda wam w \u017cyciu pewno\u015bci, poprawi nastr\u00f3j i da cie\u0144 wyobra\u017cenia o wieczno\u015bci, poczuj\u0119 si\u0119 w pe\u0142ni usatysfakcjonowany<\/p>\n","protected":false},"excerpt":{"rendered":"<p>Rav Michael Laitman PhD<\/p>\n<p>Kaba\u0142a ujawniona\u201d skupia si\u0119 r\u00f3wnie\u017c na osobistej podr\u00f3\u017cy, w kt\u00f3r\u0105 w\u0142a\u015bnie wyruszacie, podr\u00f3\u017cy odkrywczej, podczas kt\u00f3rej zyskacie wa\u017cn\u0105 wiedz\u0119 o \u017cyciu i swoim miejscu we wszech\u015bwiecie. Opowiedzia\u0142em histori\u0119 kaba\u0142y w przejrzystym, prostym stylu, poniewa\u017c chcia\u0142bym, by cieszy\u0142o Was czytanie tej ksi\u0105\u017cki tak bardzo, jak mnie cieszy\u0142o jej pisanie. A je\u017celi \u201eKaba\u0142a ujawniona\u201d doda wam w \u017cyciu pewno\u015bci, poprawi nastr\u00f3j i da cie\u0144 wyobra\u017cenia o wieczno\u015bci, poczuj\u0119 si\u0119 w pe\u0142ni usatysfakcjonowany<\/p>\n<p>Edition: Soft cover<br \/> Number of Pages: 186<\/p>\n<h3><span style=\"color: red;\">\u05d0\u05d6\u05dc \u05de\u05d4\u05de\u05dc\u05d0\u05d9<\/span><\/h3>\n","protected":false},"featured_media":2647,"comment_status":"open","ping_status":"closed","template":"","meta":{"_et_pb_use_builder":"","_et_pb_old_content":"","_et_gb_content_width":""},"product_brand":[],"product_cat":[152],"product_tag":[],"class_list":{"0":"post-2646","1":"product","2":"type-product","3":"status-publish","4":"has-post-thumbnail","6":"product_cat-polish","8":"first","9":"outofstock","10":"shipping-taxable","11":"purchasable","12":"product-type-simple"},"aioseo_notices":[],"_links":{"self":[{"href":"https:\/\/books.kab.co.il\/ru\/wp-json\/wp\/v2\/product\/2646","targetHints":{"allow":["GET"]}}],"collection":[{"href":"https:\/\/books.kab.co.il\/ru\/wp-json\/wp\/v2\/product"}],"about":[{"href":"https:\/\/books.kab.co.il\/ru\/wp-json\/wp\/v2\/types\/product"}],"replies":[{"embeddable":true,"href":"https:\/\/books.kab.co.il\/ru\/wp-json\/wp\/v2\/comments?post=2646"}],"wp:featuredmedia":[{"embeddable":true,"href":"https:\/\/books.kab.co.il\/ru\/wp-json\/wp\/v2\/media\/2647"}],"wp:attachment":[{"href":"https:\/\/books.kab.co.il\/ru\/wp-json\/wp\/v2\/media?parent=2646"}],"wp:term":[{"taxonomy":"product_brand","embeddable":true,"href":"https:\/\/books.kab.co.il\/ru\/wp-json\/wp\/v2\/product_brand?post=2646"},{"taxonomy":"product_cat","embeddable":true,"href":"https:\/\/books.kab.co.il\/ru\/wp-json\/wp\/v2\/product_cat?post=2646"},{"taxonomy":"product_tag","embeddable":true,"href":"https:\/\/books.kab.co.il\/ru\/wp-json\/wp\/v2\/product_tag?post=2646"}],"curies":[{"name":"wp","href":"https:\/\/api.w.org\/{rel}","templated":true}]}}