{"id":2640,"date":"2014-07-20T19:26:23","date_gmt":"2014-07-20T16:26:23","guid":{"rendered":"http:\/\/66books.co.il\/product\/raktas-kabala-klausimai-ir-atsakymai\/"},"modified":"2024-12-23T17:25:13","modified_gmt":"2024-12-23T15:25:13","slug":"raktas-kabala-klausimai-ir-atsakymai","status":"publish","type":"product","link":"https:\/\/books.kab.co.il\/ru\/\u043c\u0430\u0433\u0430\u0437\u0438\u043d\/other-languages\/lithuanian\/raktas-kabala-klausimai-ir-atsakymai\/","title":{"rendered":"Raktas \u012f kabal\u0105. Klausimai ir atsakymai"},"content":{"rendered":"<p>Raktas \u012f kabal\u0105 pateikia apm\u0105stym\u0173 apie gyvenimo, kan\u010di\u0173 prasm\u0119, likimo valdym\u0105, gyvenimo kelio, tobulyb\u0117s paie\u0161kas, egoizm\u0105, tikrojo \u201ea\u0161\u201c suradim\u0105, siel\u0105 ir k\u016bn\u0105, reinkarnacij\u0105, tik\u0117jimus, mald\u0105 ir atsakym\u0105 \u012f am\u017ein\u0105 klausim\u0105, i\u0161 kur at\u0117jome ir kur einame.<br \/>\n\u201eIki 1995 met\u0173 buvau u\u017esi\u0117m\u0119s kabalistini\u0173 grupi\u0173 k\u016brimu visame pasaulyje. Pasipyl\u0117 klausimai, j\u0173 vis gaus\u0117jo, kol tapo nebe\u012fmanoma atsakin\u0117ti \u012fprastais lai\u0161kais. Tod\u0117l nusprend\u017eiau sukurti interneto svetain\u0119, atsakyti visiems klausiantiems ir kartu pateikti bendresni\u0173 \u017eini\u0173 apie \u017emog\u0173 ir jo egzistavim\u0105 pasaulyje.<br \/>\nTinklalapis buvo greitai pildomas, tobulinamas ir \u0161iandien per m\u0117nes\u012f jame apsilanko daugiau nei milijonas \u017emoni\u0173 i\u0161 \u012fvairi\u0173 pasaulio kampeli\u0173. Jie domisi informacija apie kabalos metodik\u0105 ir b\u016bdais, kaip tvarkyti savo gyvenim\u0105, pateikia daugyb\u0119 tiek asmenini\u0173, tiek bendr\u0173 klausim\u0173 elektroniniu pa\u0161tu ir diskusij\u0173 forumuose internete.<br \/>\nDa\u017enai susitinku ir su naujais \u017emon\u0117mis \u2013 per paskaitas ar neoficialius pokalbius \u2013 kurie dar neatrado \u0161io vertingo metodo, net jeigu klausimas \u201eKokia mano gyvenimo prasm\u0117?\u201c dega kiekvieno j\u0173 \u0161irdyse.<br \/>\nVisi jie ie\u0161ko ai\u0161kaus, mokslinio, suprantamo atsakymo. Tod\u0117l nusprend\u017eiau surinkti ir paskelbti forumuose susikaupusi\u0105 med\u017eiag\u0105. I\u0161 gausyb\u0117s med\u017eiagos atrinkau klausimus ir atsakymus, kuriuos skaitydamas kiekvienas gal\u0117s \u017eengti pirmuosius \u017eingsnius su kabala.\u201c<br \/>\nMichaelis Laitmanas<\/p>\n","protected":false},"excerpt":{"rendered":"<p>Michaelis Laitmanas PhD<\/p>\n<p>Raktas \u012f kabal\u0105 pateikia apm\u0105stym\u0173 apie gyvenimo, kan\u010di\u0173 prasm\u0119, likimo valdym\u0105, gyvenimo kelio, tobulyb\u0117s paie\u0161kas, egoizm\u0105, tikrojo \u201ea\u0161\u201c suradim\u0105, siel\u0105 ir k\u016bn\u0105, reinkarnacij\u0105, tik\u0117jimus, mald\u0105 ir atsakym\u0105 \u012f am\u017ein\u0105 klausim\u0105, i\u0161 kur at\u0117jome ir kur einame.<\/p>\n<p>Edition: Paperback<br \/>\nNumber of Pages: 455<\/p>\n","protected":false},"featured_media":2641,"comment_status":"open","ping_status":"closed","template":"","meta":{"_et_pb_use_builder":"","_et_pb_old_content":"","_et_gb_content_width":""},"product_brand":[],"product_cat":[154],"product_tag":[],"class_list":{"0":"post-2640","1":"product","2":"type-product","3":"status-publish","4":"has-post-thumbnail","6":"product_cat-lithuanian","8":"first","9":"outofstock","10":"shipping-taxable","11":"purchasable","12":"product-type-simple"},"aioseo_notices":[],"_links":{"self":[{"href":"https:\/\/books.kab.co.il\/ru\/wp-json\/wp\/v2\/product\/2640","targetHints":{"allow":["GET"]}}],"collection":[{"href":"https:\/\/books.kab.co.il\/ru\/wp-json\/wp\/v2\/product"}],"about":[{"href":"https:\/\/books.kab.co.il\/ru\/wp-json\/wp\/v2\/types\/product"}],"replies":[{"embeddable":true,"href":"https:\/\/books.kab.co.il\/ru\/wp-json\/wp\/v2\/comments?post=2640"}],"wp:featuredmedia":[{"embeddable":true,"href":"https:\/\/books.kab.co.il\/ru\/wp-json\/wp\/v2\/media\/2641"}],"wp:attachment":[{"href":"https:\/\/books.kab.co.il\/ru\/wp-json\/wp\/v2\/media?parent=2640"}],"wp:term":[{"taxonomy":"product_brand","embeddable":true,"href":"https:\/\/books.kab.co.il\/ru\/wp-json\/wp\/v2\/product_brand?post=2640"},{"taxonomy":"product_cat","embeddable":true,"href":"https:\/\/books.kab.co.il\/ru\/wp-json\/wp\/v2\/product_cat?post=2640"},{"taxonomy":"product_tag","embeddable":true,"href":"https:\/\/books.kab.co.il\/ru\/wp-json\/wp\/v2\/product_tag?post=2640"}],"curies":[{"name":"wp","href":"https:\/\/api.w.org\/{rel}","templated":true}]}}