{"id":2625,"date":"2014-07-20T18:40:37","date_gmt":"2014-07-20T15:40:37","guid":{"rendered":"http:\/\/66books.co.il\/product\/upptack-kabbala-din-guide-till-ett-mer-fridfullt-liv\/"},"modified":"2025-01-13T17:19:54","modified_gmt":"2025-01-13T15:19:54","slug":"upptack-kabbala-din-guide-till-ett-mer-fridfullt-liv","status":"publish","type":"product","link":"https:\/\/books.kab.co.il\/ru\/\u043c\u0430\u0433\u0430\u0437\u0438\u043d\/other-languages\/swedish\/upptack-kabbala-din-guide-till-ett-mer-fridfullt-liv\/","title":{"rendered":"UPPT\u00c4CK KABBALA; DIN GUIDE TILL ETT MER FRIDFULLT LIV"},"content":{"rendered":"<p>Product Details:<\/p>\n<p>Edition: Paperback<br \/>\nNumber of Pages: 158<\/p>\n","protected":false},"excerpt":{"rendered":"<p>Jag best\u00e4mde mig f\u00f6r att skriva Uppt\u00e4ck Kabbala: Din guide till ett mer fridfullt liv f\u00f6r att introducera kabbala som en k\u00e4lla till livsvisdom, som har bevisat sitt v\u00e4rde under tusentals \u00e5r. Faktum \u00e4r att kabbala, s\u00e5v\u00e4l som en andlig som en praktisk guide till livet, \u00e4r mer relevant idag \u00e4n n\u00e5gonsin. Denna bok skildrar den sanna ber\u00e4ttelsen bakom kabbala: hur det b\u00f6rjade, hur den utvecklats, och hur den idag fungerar som en k\u00e4lla till v\u00e4gledning f\u00f6r oss alla, genom att hj\u00e4lpa oss att leva i frid och frodas i dagens os\u00e4kra v\u00e4rld. Uppt\u00e4ck Kabbala fokuserar \u00e4ven p\u00e5 den personliga resa du \u00e4r p\u00e5 v\u00e4g att ge dig ut p\u00e5, en uppt\u00e4cksresa av livet och din plats i universum. Jag har ber\u00e4ttat kabbalans historia p\u00e5 ett tydligt och enkelt s\u00e4tt eftersom jag vill att du ska njuta lika mycket av att l\u00e4sa denna som bok jag har av att skriva den. Om Uppt\u00e4ck Kabbala \u00f6kar din tillit och ditt v\u00e4lbefinnande, och ger dig en glimt av evigheten, har jag uppn\u00e5tt mitt syfte.<\/p>\n","protected":false},"featured_media":59447,"comment_status":"open","ping_status":"closed","template":"","meta":{"_et_pb_use_builder":"","_et_pb_old_content":"","_et_gb_content_width":""},"product_brand":[],"product_cat":[163],"product_tag":[],"class_list":{"0":"post-2625","1":"product","2":"type-product","3":"status-publish","4":"has-post-thumbnail","6":"product_cat-swedish","8":"first","9":"instock","10":"shipping-taxable","11":"purchasable","12":"product-type-simple"},"aioseo_notices":[],"_links":{"self":[{"href":"https:\/\/books.kab.co.il\/ru\/wp-json\/wp\/v2\/product\/2625","targetHints":{"allow":["GET"]}}],"collection":[{"href":"https:\/\/books.kab.co.il\/ru\/wp-json\/wp\/v2\/product"}],"about":[{"href":"https:\/\/books.kab.co.il\/ru\/wp-json\/wp\/v2\/types\/product"}],"replies":[{"embeddable":true,"href":"https:\/\/books.kab.co.il\/ru\/wp-json\/wp\/v2\/comments?post=2625"}],"wp:featuredmedia":[{"embeddable":true,"href":"https:\/\/books.kab.co.il\/ru\/wp-json\/wp\/v2\/media\/59447"}],"wp:attachment":[{"href":"https:\/\/books.kab.co.il\/ru\/wp-json\/wp\/v2\/media?parent=2625"}],"wp:term":[{"taxonomy":"product_brand","embeddable":true,"href":"https:\/\/books.kab.co.il\/ru\/wp-json\/wp\/v2\/product_brand?post=2625"},{"taxonomy":"product_cat","embeddable":true,"href":"https:\/\/books.kab.co.il\/ru\/wp-json\/wp\/v2\/product_cat?post=2625"},{"taxonomy":"product_tag","embeddable":true,"href":"https:\/\/books.kab.co.il\/ru\/wp-json\/wp\/v2\/product_tag?post=2625"}],"curies":[{"name":"wp","href":"https:\/\/api.w.org\/{rel}","templated":true}]}}