{"id":2621,"date":"2014-07-20T18:37:03","date_gmt":"2014-07-20T15:37:03","guid":{"rendered":"http:\/\/66books.co.il\/product\/kabala-alused-raamat-mis-aitab-meil-teha-esimesi-samme-vaimsete-joudude-tajumise-poole\/"},"modified":"2025-01-15T11:18:03","modified_gmt":"2025-01-15T09:18:03","slug":"kabala-alused-raamat-mis-aitab-meil-teha-esimesi-samme-vaimsete-joudude-tajumise-poole","status":"publish","type":"product","link":"https:\/\/books.kab.co.il\/ru\/\u043c\u0430\u0433\u0430\u0437\u0438\u043d\/other-languages\/estonian\/kabala-alused-raamat-mis-aitab-meil-teha-esimesi-samme-vaimsete-joudude-tajumise-poole\/","title":{"rendered":"KABALA ALUSED; Raamat, mis aitab meil teha esimesi samme vaimsete j\u00f5udude tajumise poole"},"content":{"rendered":"<p>Product Details:<\/p>\n<p>Edition: Paperback<br \/>\nNumber of Pages: 280<\/p>\n","protected":false},"excerpt":{"rendered":"<p>Kabala on inimese viie tajumisorgani eest varjatud teadus. See opereerib vaid vaimsete m\u00f5istetega, sellega, mis toimub K\u00f5rgeimas Maailmas. Kabalistlike terminite nimetused on aga v\u00f5etud maisest keelest: kuigi Kabala teaduse \u00f5ppimise aineks on k\u00f5rgemad, vaimsed maailmad, v\u00e4ljendab kabalist-uurija neist tulenevaid j\u00e4reldusi meie maailma s\u00f5nadega. Tuttavad s\u00f5nad petavad inimest, esitledes justkui ilmalikku pilti, kuigi Kabala kirjeldab K\u00f5rgeimas Maailmas toimuvat. Tuttavate s\u00f5nade-m\u00f5istete kasutamine toob endaga kaasa arusaamatusi, petlikke ettekujutusi, fantaasiaid. Seet\u00f5ttu keelab Kabala mis tahes meie maailmast v\u00f5etud nimetuste ja nende vaimsete juurte vaheliste seoste ettekujutamise.<br \/>\nSeet\u00f5ttu oligi Kabala nii palju aastaid, kuni meie ajani, keelatud: inimese areng ei olnud selleks k\u00fcllaldane, et ta l\u00f5petaks k\u00f5iksuguste vaimude, n\u00f5idade, inglite ja muu taolise ette kujutamise seal, kus k\u00f5neldakse hoopis muust. Kabala teadust lubati levitama hakata alles XX sajandi 90-ndatel aastatel, sest inimesed ei olnud siis enam religiooniga seotud ega kujutlenud loodusj\u00f5ude primitiivselt inimesesarnaste olendite, n\u00e4kineidude, kentauridena jne. Inimesed on n\u00fc\u00fcdseks valmis kujutlema K\u00f5rgeimat Maailma j\u00f5uv\u00e4ljade maailmana, mateeriast k\u00f5rgema maailmana. Just nende j\u00f5udude maailmaga tegelebki Kabala teadus.<\/p>\n<p>Kabala seletamise ja \u00f5petamise raskus seisneb t\u00f5siasjas, et vaimsel maailmal pole meie maailmas t\u00e4pset vastet. Kui uurimisobjekt muutubki m\u00f5istetavaks, siis vaid ajutiselt, sest \u00f5pitavat haarab meie m\u00f5istmisv\u00f5ime vaimne osa, mida pidevalt \u00fclaltpoolt uuendatakse. Seet\u00f5ttu v\u00f5ib asi, mida just m\u00f5istsime, paari p\u00e4eva p\u00e4rast taas segaseks muutuda. S\u00f5ltuvalt meeleolust ja vaimsest seisundist v\u00f5ib m\u00f5ni tekst tunduda kas s\u00fcgavm\u00f5tteline v\u00f5i t\u00e4iesti m\u00f5ttetu.<br \/>\n\u00c4rge heitke meelt, kui see, mis tundus eile nii selge, on t\u00e4na t\u00e4iesti m\u00f5istetamatu. \u00c4rge heitke meelt, kui tekst tundub segane, imelik ja ebaloogiline. See raamat aitab teil teha esimesi samme vaimsete j\u00f5udude tajumise poole. J\u00e4rgmistel tasemetel v\u00f5ib edasi areneda vaid \u00f5petaja abiga.<br \/>\nK\u00f5ik on h\u00e4sti ka siis, kui te tekstiga n\u00f5us pole. Peamine, et tekst teis vastu kajab. Kui tunnete, et pole kirjutatuga n\u00f5us, n\u00e4itab see, et olete j\u00f5udnud taju esimesele astmele (achoraim ehk tagak\u00fclg), mis valmistab teid ette j\u00e4rgmisele astmele (panim ehk esik\u00fclg) t\u00f5usmiseks.<br \/>\nJust n\u00f5nda aeglaselt ja m\u00f5testatult lugedes saate arendada tundeid ehk anumaid (kelim), millesse v\u00f5ib seej\u00e4rel siseneda \u00dclim Valgus, mis seni tunnetamatuna meie hingi \u00fcmbritseb.<br \/>\nRaamatu eesm\u00e4rk on tekitada lugejas huvi tema s\u00fcndimise p\u00f5hjuse, vaimsetesse maailmadesse j\u00f5udmise v\u00f5imaluste ja loomise eesm\u00e4rgi vastu ning aidata l\u00e4bida teekond Looja, igavikulisuse tunnetamiseni.<\/p>\n","protected":false},"featured_media":59460,"comment_status":"open","ping_status":"closed","template":"","meta":{"_et_pb_use_builder":"","_et_pb_old_content":"","_et_gb_content_width":""},"product_brand":[],"product_cat":[162],"product_tag":[],"class_list":{"0":"post-2621","1":"product","2":"type-product","3":"status-publish","4":"has-post-thumbnail","6":"product_cat-estonian","8":"first","9":"instock","10":"shipping-taxable","11":"purchasable","12":"product-type-simple"},"aioseo_notices":[],"_links":{"self":[{"href":"https:\/\/books.kab.co.il\/ru\/wp-json\/wp\/v2\/product\/2621","targetHints":{"allow":["GET"]}}],"collection":[{"href":"https:\/\/books.kab.co.il\/ru\/wp-json\/wp\/v2\/product"}],"about":[{"href":"https:\/\/books.kab.co.il\/ru\/wp-json\/wp\/v2\/types\/product"}],"replies":[{"embeddable":true,"href":"https:\/\/books.kab.co.il\/ru\/wp-json\/wp\/v2\/comments?post=2621"}],"wp:featuredmedia":[{"embeddable":true,"href":"https:\/\/books.kab.co.il\/ru\/wp-json\/wp\/v2\/media\/59460"}],"wp:attachment":[{"href":"https:\/\/books.kab.co.il\/ru\/wp-json\/wp\/v2\/media?parent=2621"}],"wp:term":[{"taxonomy":"product_brand","embeddable":true,"href":"https:\/\/books.kab.co.il\/ru\/wp-json\/wp\/v2\/product_brand?post=2621"},{"taxonomy":"product_cat","embeddable":true,"href":"https:\/\/books.kab.co.il\/ru\/wp-json\/wp\/v2\/product_cat?post=2621"},{"taxonomy":"product_tag","embeddable":true,"href":"https:\/\/books.kab.co.il\/ru\/wp-json\/wp\/v2\/product_tag?post=2621"}],"curies":[{"name":"wp","href":"https:\/\/api.w.org\/{rel}","templated":true}]}}