{"id":2610,"date":"2014-07-19T19:54:51","date_gmt":"2014-07-19T16:54:51","guid":{"rendered":"http:\/\/66books.co.il\/product\/kabalas-atklasana-laimes-atrasanas-celvedis-zemes-iedzivotajiem\/"},"modified":"2025-01-13T16:25:24","modified_gmt":"2025-01-13T14:25:24","slug":"kabalas-atklasana-laimes-atrasanas-celvedis-zemes-iedzivotajiem","status":"publish","type":"product","link":"https:\/\/books.kab.co.il\/ru\/\u043c\u0430\u0433\u0430\u0437\u0438\u043d\/other-languages\/latvian\/kabalas-atklasana-laimes-atrasanas-celvedis-zemes-iedzivotajiem\/","title":{"rendered":"Kabalas atkl\u0101\u0161ana: Laimes atra\u0161anas ce\u013cvedis Zemes iedz\u012bvot\u0101jiem"},"content":{"rendered":"<p>Product Details:<br \/>\nEdition: Softcover<br \/>\nNumber of Pages: 144<\/p>\n","protected":false},"excerpt":{"rendered":"<p>Mihaels Laitmans (Ph. D. M. Sc. biokibern\u0113tik\u0101, ontolo\u0123ijas un izzi\u0146as teorijas profesors) ir vis\u0101 pasaul\u0113 paz\u012bstams klasisk\u0101s kabalas speci\u0101lists. Vi\u0146a k\u0101 atz\u012bta gar\u012bg\u0101 l\u012bdera noietais dz\u012bves ce\u013c\u0161 augst\u0101k\u0101 pak\u0101p\u0113 ir neparasts: ieguvis akad\u0113misko izgl\u012bt\u012bbu un sasniedzis noz\u012bm\u012bgus pan\u0101kumus biokibern\u0113tik\u0101, vi\u0146\u0161 piev\u0113rs\u0101s senajai zin\u0101tnei kabalai, kas joproj\u0101m ir galvenais vi\u0146a p\u0113tniec\u012bbas objekts.<\/p>\n<p>Es nol\u0113mu uzrakst\u012bt gr\u0101matu \u201cKabalas atkl\u0101\u0161ana\u201d, lai att\u0113lotu \u0161o zin\u0101tni k\u0101 dz\u012bves gudr\u012bbas avotu, kas t\u016bksto\u0161iem gadu garum\u0101 pier\u0101d\u012bjusi savu v\u0113rt\u012bbu. B\u016bt\u012bb\u0101 tie\u0161i patlaban kabala k\u0101 gar\u012bgs un praktisks dz\u012bves ce\u013cvedis ir aktu\u0101la k\u0101 v\u0113l nekad.<br \/>\nGr\u0101mata jums past\u0101st\u012bs, kas paties\u012bb\u0101 ir \u0161\u012b sen\u0101 zin\u0101tne: kur ir t\u0101s pirms\u0101kums, k\u0101 t\u0101 att\u012bst\u012bjusies un k\u0101 m\u016bsdien\u0101s kalpo mums visiem par avotu un ce\u013cvedi, pal\u012bdzot p\u0101rliecin\u0101ti dz\u012bvot un g\u016bt pan\u0101kumus m\u016bsdienu main\u012bgaj\u0101 pasaul\u0113.<\/p>\n","protected":false},"featured_media":59431,"comment_status":"open","ping_status":"closed","template":"","meta":{"_et_pb_use_builder":"","_et_pb_old_content":"","_et_gb_content_width":""},"product_brand":[],"product_cat":[161],"product_tag":[],"class_list":{"0":"post-2610","1":"product","2":"type-product","3":"status-publish","4":"has-post-thumbnail","6":"product_cat-latvian","8":"first","9":"instock","10":"shipping-taxable","11":"purchasable","12":"product-type-simple"},"aioseo_notices":[],"_links":{"self":[{"href":"https:\/\/books.kab.co.il\/ru\/wp-json\/wp\/v2\/product\/2610","targetHints":{"allow":["GET"]}}],"collection":[{"href":"https:\/\/books.kab.co.il\/ru\/wp-json\/wp\/v2\/product"}],"about":[{"href":"https:\/\/books.kab.co.il\/ru\/wp-json\/wp\/v2\/types\/product"}],"replies":[{"embeddable":true,"href":"https:\/\/books.kab.co.il\/ru\/wp-json\/wp\/v2\/comments?post=2610"}],"wp:featuredmedia":[{"embeddable":true,"href":"https:\/\/books.kab.co.il\/ru\/wp-json\/wp\/v2\/media\/59431"}],"wp:attachment":[{"href":"https:\/\/books.kab.co.il\/ru\/wp-json\/wp\/v2\/media?parent=2610"}],"wp:term":[{"taxonomy":"product_brand","embeddable":true,"href":"https:\/\/books.kab.co.il\/ru\/wp-json\/wp\/v2\/product_brand?post=2610"},{"taxonomy":"product_cat","embeddable":true,"href":"https:\/\/books.kab.co.il\/ru\/wp-json\/wp\/v2\/product_cat?post=2610"},{"taxonomy":"product_tag","embeddable":true,"href":"https:\/\/books.kab.co.il\/ru\/wp-json\/wp\/v2\/product_tag?post=2610"}],"curies":[{"name":"wp","href":"https:\/\/api.w.org\/{rel}","templated":true}]}}