{"id":2606,"date":"2014-07-19T19:51:11","date_gmt":"2014-07-19T16:51:11","guid":{"rendered":"http:\/\/66books.co.il\/product\/kabbalas-hemmeligheter-din-handbok-til-et-bedre-liv\/"},"modified":"2025-01-13T16:27:53","modified_gmt":"2025-01-13T14:27:53","slug":"kabbalas-hemmeligheter-din-handbok-til-et-bedre-liv","status":"publish","type":"product","link":"https:\/\/books.kab.co.il\/ru\/\u043c\u0430\u0433\u0430\u0437\u0438\u043d\/other-languages\/norwegian\/kabbalas-hemmeligheter-din-handbok-til-et-bedre-liv\/","title":{"rendered":"Kabbalas hemmeligheter; din h\u00e5ndbok til et bedre liv"},"content":{"rendered":"<p>Product Details:<br \/>\nBinding: Paperback<br \/>\nPage count: 164<\/p>\n","protected":false},"excerpt":{"rendered":"<p>I denne boken kan du lese historien om kabbala: hvordan det hele startet, hvordan filosofien vokste frem, og hvordan kunnskapen i dag tjener som en veileder og hjelper oss \u00e5 vokse og leve i fredelig sameksistens med v\u00e5re medmennesker. Michael Laitman er en internasjonalt anerkjent ekspert p\u00e5 autentisk kabbala. Hans bakgrunn er uvanlig for en som ogs\u00e5 innehar et kjent navn innen det spirituelle milj\u00f8et: Han har en mastergrad i biokybernetikk og hans vitenskapelige karriere har v\u00e6rt suksessrik. Etter hvert ble kabbala del av hans videre vitenskapelige forskningsarbeid, og han fullf\u00f8rte sin doktorgrad i filosofi og kabbala ved Moskvas institutt for filosofi ved Det russiske vitenskapsakademiet.<\/p>\n","protected":false},"featured_media":59435,"comment_status":"open","ping_status":"closed","template":"","meta":{"_et_pb_use_builder":"","_et_pb_old_content":"","_et_gb_content_width":""},"product_brand":[],"product_cat":[160],"product_tag":[],"class_list":{"0":"post-2606","1":"product","2":"type-product","3":"status-publish","4":"has-post-thumbnail","6":"product_cat-norwegian","8":"first","9":"instock","10":"shipping-taxable","11":"purchasable","12":"product-type-simple"},"aioseo_notices":[],"_links":{"self":[{"href":"https:\/\/books.kab.co.il\/ru\/wp-json\/wp\/v2\/product\/2606","targetHints":{"allow":["GET"]}}],"collection":[{"href":"https:\/\/books.kab.co.il\/ru\/wp-json\/wp\/v2\/product"}],"about":[{"href":"https:\/\/books.kab.co.il\/ru\/wp-json\/wp\/v2\/types\/product"}],"replies":[{"embeddable":true,"href":"https:\/\/books.kab.co.il\/ru\/wp-json\/wp\/v2\/comments?post=2606"}],"wp:featuredmedia":[{"embeddable":true,"href":"https:\/\/books.kab.co.il\/ru\/wp-json\/wp\/v2\/media\/59435"}],"wp:attachment":[{"href":"https:\/\/books.kab.co.il\/ru\/wp-json\/wp\/v2\/media?parent=2606"}],"wp:term":[{"taxonomy":"product_brand","embeddable":true,"href":"https:\/\/books.kab.co.il\/ru\/wp-json\/wp\/v2\/product_brand?post=2606"},{"taxonomy":"product_cat","embeddable":true,"href":"https:\/\/books.kab.co.il\/ru\/wp-json\/wp\/v2\/product_cat?post=2606"},{"taxonomy":"product_tag","embeddable":true,"href":"https:\/\/books.kab.co.il\/ru\/wp-json\/wp\/v2\/product_tag?post=2606"}],"curies":[{"name":"wp","href":"https:\/\/api.w.org\/{rel}","templated":true}]}}