{"id":2602,"date":"2014-07-19T19:44:05","date_gmt":"2014-07-19T16:44:05","guid":{"rendered":"http:\/\/66books.co.il\/product\/cabala-revelata-ghidul-personal-pentru-o-viata-mai-linistita\/"},"modified":"2025-01-13T17:26:24","modified_gmt":"2025-01-13T15:26:24","slug":"cabala-revelata-ghidul-personal-pentru-o-viata-mai-linistita","status":"publish","type":"product","link":"https:\/\/books.kab.co.il\/ru\/\u043c\u0430\u0433\u0430\u0437\u0438\u043d\/other-languages\/romanian\/cabala-revelata-ghidul-personal-pentru-o-viata-mai-linistita\/","title":{"rendered":"CABALA REVELAT\u0102; Ghidul Personal Pentru o Via\u0163\u0103 Mai Lini\u015ftit\u0103"},"content":{"rendered":"<p>Am decis sa scriu Cabala Revelata: Ghidul Personal pentru o Viata mai Linistita\u201d, pentru a prezenta Cabala ca o sursa a intelepciunii traite, care a dovedit meritele sale de-a lungul a mii de ani. De fapt, din ambele puncte de vedere, atit spiritual cit si ca ghid practic pentru viata, Cabala este mai relevanta astazi decit in alte timpuri.<br \/>\nAceasta carte va spune adevarata poveste din spatele Cabalei: cum a inceput, cum a evolua si cum serveste astazi ca sursa de ghidare pentru noi toti, ajutindu-ne sa traim in pace si prosperi in lumea nesigura de astazi.<br \/>\nCabala Revelata se concentreaza deasemeni pe calatoria personala pe care sinteti gata sa o incepeti, o calatorie a descoperirilor despre viata si despre locul nostru in univers. Am spus istoria Cabalei intr-un stil clar si simplu, deoarece mi-ar place sa va bucurati de aceasta carte, la fel de mult precum m-am bucurat scriind-o. Si daca aceasta Cabala Revelata adauga incredere si comfort in viata voastra, si o privire asupra eternitatii, atunci eu voi fi cu desavirsire recompensat.<\/p>\n","protected":false},"excerpt":{"rendered":"<p>Am decis sa scriu Cabala Revelata: Ghidul Personal pentru o Viata mai Linistita\u201d, pentru a prezenta Cabala ca o sursa a intelepciunii traite, care a dovedit meritele sale de-a lungul a mii de ani.<\/p>\n","protected":false},"featured_media":59452,"comment_status":"open","ping_status":"closed","template":"","meta":{"_et_pb_use_builder":"","_et_pb_old_content":"","_et_gb_content_width":""},"product_brand":[],"product_cat":[159],"product_tag":[],"class_list":{"0":"post-2602","1":"product","2":"type-product","3":"status-publish","4":"has-post-thumbnail","6":"product_cat-romanian","8":"first","9":"instock","10":"shipping-taxable","11":"purchasable","12":"product-type-simple"},"aioseo_notices":[],"_links":{"self":[{"href":"https:\/\/books.kab.co.il\/ru\/wp-json\/wp\/v2\/product\/2602","targetHints":{"allow":["GET"]}}],"collection":[{"href":"https:\/\/books.kab.co.il\/ru\/wp-json\/wp\/v2\/product"}],"about":[{"href":"https:\/\/books.kab.co.il\/ru\/wp-json\/wp\/v2\/types\/product"}],"replies":[{"embeddable":true,"href":"https:\/\/books.kab.co.il\/ru\/wp-json\/wp\/v2\/comments?post=2602"}],"wp:featuredmedia":[{"embeddable":true,"href":"https:\/\/books.kab.co.il\/ru\/wp-json\/wp\/v2\/media\/59452"}],"wp:attachment":[{"href":"https:\/\/books.kab.co.il\/ru\/wp-json\/wp\/v2\/media?parent=2602"}],"wp:term":[{"taxonomy":"product_brand","embeddable":true,"href":"https:\/\/books.kab.co.il\/ru\/wp-json\/wp\/v2\/product_brand?post=2602"},{"taxonomy":"product_cat","embeddable":true,"href":"https:\/\/books.kab.co.il\/ru\/wp-json\/wp\/v2\/product_cat?post=2602"},{"taxonomy":"product_tag","embeddable":true,"href":"https:\/\/books.kab.co.il\/ru\/wp-json\/wp\/v2\/product_tag?post=2602"}],"curies":[{"name":"wp","href":"https:\/\/api.w.org\/{rel}","templated":true}]}}