{"id":2571,"date":"2014-07-16T19:03:46","date_gmt":"2014-07-16T16:03:46","guid":{"rendered":"http:\/\/66books.co.il\/product\/kabbalan-valo-johdatus-katkettyyn-viisauteen\/"},"modified":"2024-12-23T17:17:17","modified_gmt":"2024-12-23T15:17:17","slug":"kabbalan-valo-johdatus-katkettyyn-viisauteen","status":"publish","type":"product","link":"https:\/\/books.kab.co.il\/ru\/\u043c\u0430\u0433\u0430\u0437\u0438\u043d\/other-languages\/finnish\/kabbalan-valo-johdatus-katkettyyn-viisauteen\/","title":{"rendered":"KABBALAN VALO &#8212; Johdatus k\u00e4tkettyyn viisauteen"},"content":{"rendered":"<p>Number of pages: 126<br \/>\nEdition: Paperback<\/p>\n","protected":false},"excerpt":{"rendered":"<p>Kun t\u00e4t\u00e4 kirjaa lukee yh\u00e4 uudelleen, saa huomata itsess\u00e4\u00e4n henkisi\u00e4 havaintoja, joita ei ole ollut aikaisemmin ja jotka kehitt\u00e4v\u00e4t uusia tunteita ja asenteita. T\u00e4m\u00e4n kirjan tarkoitus on edist\u00e4\u00e4 henkisten k\u00e4sitteiden pohdintaa. Siin\u00e4 m\u00e4\u00e4rin kuin pystymme sis\u00e4ist\u00e4m\u00e4\u00e4n n\u00e4m\u00e4 k\u00e4sitteet, alamme v\u00e4hitellen n\u00e4hd\u00e4 sis\u00e4isell\u00e4 visiollamme ymp\u00e4r\u00f6iv\u00e4n henkisen rakenteen paljastumisen \u2013 aivan kuin sumun, joka h\u00e4lvenee. Kabbalisti Rav Michael Laitman on tohtori filosofiassa ja kabbalassa, ontologian professori sek\u00e4 luonnontieteiden kandidaatti bio-kybernetii- kassa. H\u00e4n on Bnei Baruchin kabbala- ja tutkimusinstituutin perustaja ja presidentti. Bnei Baruch on voittoa tavoittelematon j\u00e4rjest\u00f6 jonka tarkoituksena on opettaa ja levitt\u00e4\u00e4 kabbalan viisautta. Kahdentoista vuoden ajan Laitman oli kabbalisti Baruch Ashlagin harras oppilas. Baruch Ashlag oli Jehuda Ashlagin (Baal HaSulamin) esikoinen ja seuraaja. Baal HaSulam taas on suurin kabbalisti vuosisadallamme ja tunnetaan parhaiten kattavan ja arvovaltaisen selitysteoksen kirjoittajana pyh\u00e4lle Zoharille. Kun tri. Laitman oli omaksunut Rav Ashlagin menetelm\u00e4n, h\u00e4n omistautui sen levitt\u00e4miselle.<\/p>\n","protected":false},"featured_media":2572,"comment_status":"open","ping_status":"closed","template":"","meta":{"_et_pb_use_builder":"","_et_pb_old_content":"","_et_gb_content_width":""},"product_brand":[],"product_cat":[157],"product_tag":[],"class_list":{"0":"post-2571","1":"product","2":"type-product","3":"status-publish","4":"has-post-thumbnail","6":"product_cat-finnish","8":"first","9":"outofstock","10":"shipping-taxable","11":"purchasable","12":"product-type-simple"},"aioseo_notices":[],"_links":{"self":[{"href":"https:\/\/books.kab.co.il\/ru\/wp-json\/wp\/v2\/product\/2571","targetHints":{"allow":["GET"]}}],"collection":[{"href":"https:\/\/books.kab.co.il\/ru\/wp-json\/wp\/v2\/product"}],"about":[{"href":"https:\/\/books.kab.co.il\/ru\/wp-json\/wp\/v2\/types\/product"}],"replies":[{"embeddable":true,"href":"https:\/\/books.kab.co.il\/ru\/wp-json\/wp\/v2\/comments?post=2571"}],"wp:featuredmedia":[{"embeddable":true,"href":"https:\/\/books.kab.co.il\/ru\/wp-json\/wp\/v2\/media\/2572"}],"wp:attachment":[{"href":"https:\/\/books.kab.co.il\/ru\/wp-json\/wp\/v2\/media?parent=2571"}],"wp:term":[{"taxonomy":"product_brand","embeddable":true,"href":"https:\/\/books.kab.co.il\/ru\/wp-json\/wp\/v2\/product_brand?post=2571"},{"taxonomy":"product_cat","embeddable":true,"href":"https:\/\/books.kab.co.il\/ru\/wp-json\/wp\/v2\/product_cat?post=2571"},{"taxonomy":"product_tag","embeddable":true,"href":"https:\/\/books.kab.co.il\/ru\/wp-json\/wp\/v2\/product_tag?post=2571"}],"curies":[{"name":"wp","href":"https:\/\/api.w.org\/{rel}","templated":true}]}}