{"id":10264,"date":"2018-06-12T16:47:16","date_gmt":"2018-06-12T13:47:16","guid":{"rendered":"https:\/\/books.kab.co.il\/?post_type=product&#038;p=10264\/"},"modified":"2023-06-27T14:22:01","modified_gmt":"2023-06-27T11:22:01","slug":"introduccion-a-la-sabiduria-de-la-cabala-curso-de-estudio-de-los-fundamentos-de-la-sabiduria-de-la-cabala","status":"publish","type":"product","link":"https:\/\/books.kab.co.il\/ru\/\u043c\u0430\u0433\u0430\u0437\u0438\u043d\/other-languages\/spanish\/introduccion-a-la-sabiduria-de-la-cabala-curso-de-estudio-de-los-fundamentos-de-la-sabiduria-de-la-cabala\/","title":{"rendered":"Introducci\u00f3n a la Sabidur\u00eda de la Cabal\u00e1: Curso de Estudio de los Fundamentos de la Sabidur\u00eda de la Cabal\u00e1"},"content":{"rendered":"<p>El curso &#171;Introducci\u00f3n a la sabidur\u00eda de la Cabal\u00e1&#187; es un curso de fundamentos de estudio de la sabidur\u00eda de la Cabal\u00e1. El curso presenta al estudiante las diferentes facetas de estudio de la sabidur\u00eda, adaptadas a quien hace sus primeros pasos en este estudio.<\/p>\n<p>Entre otras cosas, aprenderemos en el curso los siguientes temas: \u00bfQu\u00e9 es la sabidur\u00eda de la Cabal\u00e1?, la percepci\u00f3n de la realidad, el libre albedr\u00edo, la estructura de los mundos espirituales, el alma del primer hombre, las diez Sefirot, la influencia del entorno sobre el individuo, etc.<\/p>\n<p>De acuerdo al car\u00e1cter especial del estudio de la sabidur\u00eda de la Cabal\u00e1, el prop\u00f3sito del curso no es \u00fanicamente transmitir a los estudiantes los conocimientos necesarios, sino tambi\u00e9n proveerles de las herramientas pertinentes para un estudio correcto de la sabidur\u00eda.<\/p>\n<p>Primeramente, nuestra intenci\u00f3n en este curso es presentar la sabidur\u00eda de la Cabal\u00e1 como un m\u00e9todo pr\u00e1ctico, que ofrece a toda persona el camino para alcanzar un equilibrio con el mundo que le rodea y as\u00ed vivir su vida felizmente, con seguridad e integridad.<\/p>\n<p>El curso se basa en las fuentes autenticas de la sabidur\u00eda de la Cabal\u00e1: Rab\u00ed Shim\u00f3n Bar Yojai (Rashbi), el Ar\u00ed y Rab\u00ed Yehud\u00e1 Leiv Ashlag, conocido con su apodo &#171;Baal HaSulam&#187;, y hace uso del m\u00e9todo de estudio de la sabidur\u00eda tal como se us\u00f3 durante generaciones.<\/p>\n","protected":false},"excerpt":{"rendered":"<p>El curso se basa en las fuentes autenticas de la sabidur\u00eda de la Cabal\u00e1: Rab\u00ed Shim\u00f3n Bar Yojai (Rashbi), el Ar\u00ed y Rab\u00ed Yehud\u00e1 Leiv Ashlag, conocido con su apodo &#171;Baal HaSulam&#187;, y hace uso del m\u00e9todo de estudio de la sabidur\u00eda tal como se us\u00f3 durante generaciones.<\/p>\n","protected":false},"featured_media":10924,"comment_status":"open","ping_status":"closed","template":"","meta":{"_et_pb_use_builder":"","_et_pb_old_content":"","_et_gb_content_width":""},"product_brand":[],"product_cat":[145],"product_tag":[],"class_list":{"0":"post-10264","1":"product","2":"type-product","3":"status-publish","4":"has-post-thumbnail","6":"product_cat-spanish","8":"first","9":"outofstock","10":"shipping-taxable","11":"purchasable","12":"product-type-simple"},"aioseo_notices":[],"_links":{"self":[{"href":"https:\/\/books.kab.co.il\/ru\/wp-json\/wp\/v2\/product\/10264","targetHints":{"allow":["GET"]}}],"collection":[{"href":"https:\/\/books.kab.co.il\/ru\/wp-json\/wp\/v2\/product"}],"about":[{"href":"https:\/\/books.kab.co.il\/ru\/wp-json\/wp\/v2\/types\/product"}],"replies":[{"embeddable":true,"href":"https:\/\/books.kab.co.il\/ru\/wp-json\/wp\/v2\/comments?post=10264"}],"wp:featuredmedia":[{"embeddable":true,"href":"https:\/\/books.kab.co.il\/ru\/wp-json\/wp\/v2\/media\/10924"}],"wp:attachment":[{"href":"https:\/\/books.kab.co.il\/ru\/wp-json\/wp\/v2\/media?parent=10264"}],"wp:term":[{"taxonomy":"product_brand","embeddable":true,"href":"https:\/\/books.kab.co.il\/ru\/wp-json\/wp\/v2\/product_brand?post=10264"},{"taxonomy":"product_cat","embeddable":true,"href":"https:\/\/books.kab.co.il\/ru\/wp-json\/wp\/v2\/product_cat?post=10264"},{"taxonomy":"product_tag","embeddable":true,"href":"https:\/\/books.kab.co.il\/ru\/wp-json\/wp\/v2\/product_tag?post=10264"}],"curies":[{"name":"wp","href":"https:\/\/api.w.org\/{rel}","templated":true}]}}